{"id":6020,"date":"2022-03-09T09:51:55","date_gmt":"2022-03-09T08:51:55","guid":{"rendered":"https:\/\/sviluppo.ibsaderma.swiss\/clinic-locator\/"},"modified":"2024-12-02T16:31:26","modified_gmt":"2024-12-02T15:31:26","slug":"clinic-locator","status":"publish","type":"page","link":"https:\/\/sviluppo.ibsaderma.swiss\/de\/clinic-locator\/","title":{"rendered":"Clinic Locator"},"content":{"rendered":"\n<h2 class=\"title -blue text-uppercase titlePage text-center\">DIE VON IBSA DERMA F\u00dcR SIE AUSGEW\u00c4HLTEN KLINIKEN DER \u00c4STHETISCHEN MEDIZIN<\/h2>\n\n\n\n<p><\/p>\n\n\n\n<style type=\"text\/css\">\n    .asl-p-cont .asl-print-btn,.asl-cont .asl-print-btn {display: none !important;}    @media(max-width:991px){\n        #asl-storelocator.asl-cont .asl-panel {order: 2;}\n    }\n<\/style>\n<section id=\"asl-storelocator\" class=\"asl-cont asl-template-3 asl-layout-0 asl-bg-0  asl-text-1\">\n    <div class=\"asl-wrapper mb-5\">\n        <div class=\"container\">\n                                    <div class=\"row\">\n                <div class=\"col-12\">\n                    <div class=\"sl-main-cont\">\n                        <div class=\"row no-gutters\">\n                            <div id=\"asl-panel\" class=\"asl-panel col-md-5 col-lg-4\">\n                                <div class=\"asl-overlay\" id=\"map-loading\">\n                                  <div class=\"white\"><\/div>\n                                    <div class=\"sl-loading\"><img decoding=\"async\" style=\"margin-right: 10px;\" class=\"sl-loader\" src=\"https:\/\/sviluppo.ibsaderma.swiss\/wp-content\/plugins\/agile-store-locator\/public\/Logo\/loading.gif\">Laden...<\/div>\n                                <\/div>\n                                <div class=\"asl-filter-sec hide\"><\/div>\n                                <!-- list -->\n                                <div class=\"asl-panel-inner\">\n                                    <div class=\"sl-filter-sec\">\n                                        <div class=\"asl-addr-search\">\n                                            <input value=\"\" id=\"sl-main-search\" type=\"text\" class=\"asl-search-address form-control\" placeholder=\"Standort eingeben\">\n                                            <span class=\"sl-search-btn\"><i title=\"Aktuelle Position\" class=\"asl-geo icon-direction\"><\/i><\/span>\n                                        <\/div>  \n                                    <\/div>\n                                    <div class=\"asl-filter-tabs media\">\n                                        <div class=\"input-group\">\n                                            <ul class=\"sl-filt-a-list nav nav-pills\" role=\"tablist\"><\/ul>  \n                                            <div class=\"input-group-append\">\n                                                <div class=\"aswth-btn hide\">\n                                                    <span class=\"aswth\">\n                                                        <input type=\"checkbox\" class=\"aswth-input\" id=\"aswth-id\" checked>\n                                                        <label for=\"aswth-id\"><\/label>\n                                                        <div class=\"aswth-text\">\n                                                            <div class=\"contentA\">Offen<\/div>\n                                                            <div class=\"contentB\">ALL<\/div>\n                                                        <\/div>\n                                                    <\/span>\n                                                <\/div>\n                                            <\/div>\n                                        <\/div>\n                                    <\/div>\n                                    <div class=\"sl-main-cont-box\">\n                                        <div class=\"sl-list-wrapper\">\n                                            <ul id=\"p-statelist\" class=\"sl-list\">\n                                            <\/ul>\n                                        <\/div>\n                                    <\/div>\n                                <\/div>\n\n                                <div class=\"directions-cont hide\">\n                                    <div class=\"agile-modal-header\">\n                                        <button type=\"button\" class=\"close\"><span aria-hidden=\"true\">\u00d7<\/span><\/button>\n                                        <h4>Store Direction<\/h4>\n                                    <\/div>\n                                    <div class=\"rendered-directions\" id=\"asl-rendered-dir\" style=\"direction: ltr;\"><\/div>\n                                <\/div>\n                            <\/div>\n                            <div class=\"col-md-7 col-lg-8 asl-map\">\n                                <div class=\"map-image\">\n                                    <div id=\"asl-map-canv\" class=\"asl-map-canv\"><\/div>\n                                    \n                                    <div id=\"agile-modal-direction\" class=\"agile-modal fade\">\n                                        <div class=\"agile-modal-backdrop-in\"><\/div>\n                                        <div class=\"agile-modal-dialog in\">\n                                            <div class=\"agile-modal-content\">\n                                                <div class=\"agile-modal-header\">\n                                                    <button type=\"button\" class=\"close-directions close\" data-dismiss=\"agile-modal\" aria-label=\"Close\"><span aria-hidden=\"true\">&times;<\/span><\/button>\n                                                    <h4>Route planen<\/h4>\n                                                <\/div>\n                                                <div class=\"form-group\">\n                                                    <label for=\"frm-lbl\">Von:<\/label>\n                                                    <input type=\"text\" class=\"form-control frm-place\" id=\"frm-lbl\" placeholder=\"Adresse eingeben\">\n                                                <\/div>\n                                                <div class=\"form-group\">\n                                                    <label for=\"frm-lbl\">Nach:<\/label>\n                                                    <input readonly=\"true\" type=\"text\"  class=\"directions-to form-control\" id=\"to-lbl\" placeholder=\"Prepopulated Destination Address\">\n                                                <\/div>\n                                                <div class=\"form-group mb-0\">\n                                                    <span for=\"frm-lbl\">Distanz anzeigen in<\/span>\n                                                    <label class=\"checkbox-inline\">\n                                                        <input type=\"radio\" name=\"dist-type\"  id=\"rbtn-km\" value=\"0\"> km                                                    <\/label>\n                                                    <label class=\"checkbox-inline\">\n                                                        <input type=\"radio\" name=\"dist-type\" checked id=\"rbtn-mile\" value=\"1\"> Meile                                                    <\/label>\n                                                <\/div>\n                                                <div class=\"form-group mb-0\">\n                                                    <button type=\"submit\" class=\"btn btn-default btn-submit\">Route planen<\/button>\n                                                <\/div>\n                                            <\/div>\n                                        <\/div>\n                                    <\/div>\n\n                                    <div id=\"asl-geolocation-agile-modal\" class=\"agile-modal fade\">\n                                      <div class=\"agile-modal-backdrop-in\"><\/div>\n                                      <div class=\"agile-modal-dialog in\">\n                                        <div class=\"agile-modal-content\">\n                                          <button type=\"button\" class=\"close-directions close\" data-dismiss=\"agile-modal\" aria-label=\"Close\"><span aria-hidden=\"true\">&times;<\/span><\/button>\n                                                                                    <div class=\"form-group\">\n                                            <h4>Aktuelle Position verwenden um die n\u00e4chste Verkaufsstelle anzuzeigen<\/h4>\n                                          <\/div>\n                                          <div class=\"form-group text-center\">\n                                            <button type=\"button\" id=\"asl-btn-geolocation\" class=\"btn btn-block btn-default\">Position verwenden<\/button>\n                                          <\/div>\n                                                                                  <\/div>\n                                      <\/div>\n                                    <\/div>\n\n                                    <div id=\"asl-desc-agile-modal\" class=\"agile-modal fade\">\n                                      <div class=\"agile-modal-backdrop-in\"><\/div>\n                                      <div class=\"agile-modal-dialog in\">\n                                        <div class=\"agile-modal-content\">\n                                          <button type=\"button\" class=\"close-directions close\" data-dismiss=\"agile-modal\" aria-label=\"Close\"><span aria-hidden=\"true\">&times;<\/span><\/button>\n                                          <div class=\"row\">\n                                            <div class=\"col-md-12\">\n                                              <h4 class=\"sl-title\"><\/h4>\n                                              <p class=\"sl-desc\"><\/p>\n                                            <\/div>\n                                          <\/div>\n                                        <\/div>\n                                      <\/div>\n                                    <\/div>\n                                <\/div>\n                            <\/div>\n                        <\/div>\n                    <\/div>\n                <\/div>\n            <\/div>\n        <\/div> \n    <\/div>\n<\/section>\n\n\n\n\n<p style=\"font-size:14px\">Hinweis<\/p>\n\n\n\n<p style=\"font-size:14px\">Clinic Locator ist ein Dienst von IBSA Farmaceutici Italia Srl, der es dem Benutzer erm\u00f6glicht, (i) anhand des Standorts des Ger\u00e4ts nach der n\u00e4chstgelegenen Klinik zu suchen, indem er die spezifische Adresse oder den Namen der Klinik eingibt; (ii) detaillierte Informationen einzuholen, um die ausgew\u00e4hlte Klinik zu kontaktieren oder zu erreichen.<\/p>\n\n\n\n<p style=\"font-size:14px\">Die Namen und Kontaktinformationen im Clinic Locator dienen lediglich der allgemeinen Information und stellen keine Empfehlung dar, sich an die angebotenen Kliniken oder deren Dienstleistungen zu wenden.<\/p>\n\n\n\n<p style=\"font-size:14px\">In keinem Fall haftet IBSA Farmaceutici Italia Srl f\u00fcr Sch\u00e4den, direkt oder indirekt, verursacht durch die Nutzung des Clinic Locators oder die Unm\u00f6glichkeit der Nutzung des Clinic Locators und seiner Inhalte sowie durch die Beziehungen, die Nutzer mit den Kliniken im Clinic Locator unterhalten.<\/p>\n\n\n\n<p style=\"font-size:14px\">IBSA Farmaceutici Italia Srl \u00fcbernimmt keine Garantie f\u00fcr die Richtigkeit und Vollst\u00e4ndigkeit der im Clinic Locator enthaltenen Informationen und beh\u00e4lt sich das Recht vor, diese Informationen ohne vorherige Ank\u00fcndigung zu \u00e4ndern und zu aktualisieren.<\/p>\n","protected":false},"excerpt":{"rendered":"<p>DIE VON IBSA DERMA F\u00dcR SIE AUSGEW\u00c4HLTEN KLINIKEN DER \u00c4STHETISCHEN MEDIZIN Hinweis Clinic Locator ist ein Dienst von IBSA Farmaceutici Italia Srl, der es dem Benutzer erm\u00f6glicht, (i) anhand des Standorts des Ger\u00e4ts nach der n\u00e4chstgelegenen Klinik zu suchen, indem er die spezifische Adresse oder den Namen der Klinik eingibt; (ii) detaillierte Informationen einzuholen, um [&hellip;]<\/p>\n","protected":false},"author":47,"featured_media":6023,"parent":0,"menu_order":0,"comment_status":"closed","ping_status":"closed","template":"template-store-locator.php","meta":{"_acf_changed":false,"footnotes":""},"class_list":["post-6020","page","type-page","status-publish","has-post-thumbnail","hentry"],"acf":[],"yoast_head":"<!-- This site is optimized with the Yoast SEO plugin v25.4 - https:\/\/yoast.com\/wordpress\/plugins\/seo\/ -->\n<title>Clinic Locator | IBSA Derma<\/title>\n<meta name=\"robots\" content=\"noindex, follow, max-snippet:-1, max-image-preview:large, max-video-preview:-1\" \/>\n<meta property=\"og:locale\" content=\"de_DE\" \/>\n<meta property=\"og:type\" content=\"article\" \/>\n<meta property=\"og:title\" content=\"Clinic Locator | IBSA Derma\" \/>\n<meta property=\"og:description\" content=\"DIE VON IBSA DERMA F\u00dcR SIE AUSGEW\u00c4HLTEN KLINIKEN DER \u00c4STHETISCHEN MEDIZIN Hinweis Clinic Locator ist ein Dienst von IBSA Farmaceutici Italia Srl, der es dem Benutzer erm\u00f6glicht, (i) anhand des Standorts des Ger\u00e4ts nach der n\u00e4chstgelegenen Klinik zu suchen, indem er die spezifische Adresse oder den Namen der Klinik eingibt; (ii) detaillierte Informationen einzuholen, um [&hellip;]\" \/>\n<meta property=\"og:url\" content=\"https:\/\/sviluppo.ibsaderma.swiss\/de\/clinic-locator\/\" \/>\n<meta property=\"og:site_name\" content=\"IBSA Derma\" \/>\n<meta property=\"article:publisher\" content=\"https:\/\/www.facebook.com\/ibsaderma\/\" \/>\n<meta property=\"article:modified_time\" content=\"2024-12-02T15:31:26+00:00\" \/>\n<meta property=\"og:image\" content=\"https:\/\/sviluppo.ibsaderma.swiss\/wp-content\/uploads\/2024\/12\/image002-tedesco.jpg\" \/>\n\t<meta property=\"og:image:width\" content=\"1921\" \/>\n\t<meta property=\"og:image:height\" content=\"494\" \/>\n\t<meta property=\"og:image:type\" content=\"image\/jpeg\" \/>\n<meta name=\"twitter:card\" content=\"summary_large_image\" \/>\n<meta name=\"twitter:label1\" content=\"Gesch\u00e4tzte Lesezeit\" \/>\n\t<meta name=\"twitter:data1\" content=\"1\u00a0Minute\" \/>\n<script type=\"application\/ld+json\" class=\"yoast-schema-graph\">{\"@context\":\"https:\/\/schema.org\",\"@graph\":[{\"@type\":\"WebPage\",\"@id\":\"https:\/\/sviluppo.ibsaderma.swiss\/de\/clinic-locator\/\",\"url\":\"https:\/\/sviluppo.ibsaderma.swiss\/de\/clinic-locator\/\",\"name\":\"Clinic Locator | IBSA Derma\",\"isPartOf\":{\"@id\":\"https:\/\/sviluppo.ibsaderma.swiss\/de\/#website\"},\"primaryImageOfPage\":{\"@id\":\"https:\/\/sviluppo.ibsaderma.swiss\/de\/clinic-locator\/#primaryimage\"},\"image\":{\"@id\":\"https:\/\/sviluppo.ibsaderma.swiss\/de\/clinic-locator\/#primaryimage\"},\"thumbnailUrl\":\"https:\/\/sviluppo.ibsaderma.swiss\/wp-content\/uploads\/2024\/12\/image002-tedesco.jpg\",\"datePublished\":\"2022-03-09T08:51:55+00:00\",\"dateModified\":\"2024-12-02T15:31:26+00:00\",\"breadcrumb\":{\"@id\":\"https:\/\/sviluppo.ibsaderma.swiss\/de\/clinic-locator\/#breadcrumb\"},\"inLanguage\":\"de\",\"potentialAction\":[{\"@type\":\"ReadAction\",\"target\":[\"https:\/\/sviluppo.ibsaderma.swiss\/de\/clinic-locator\/\"]}]},{\"@type\":\"ImageObject\",\"inLanguage\":\"de\",\"@id\":\"https:\/\/sviluppo.ibsaderma.swiss\/de\/clinic-locator\/#primaryimage\",\"url\":\"https:\/\/sviluppo.ibsaderma.swiss\/wp-content\/uploads\/2024\/12\/image002-tedesco.jpg\",\"contentUrl\":\"https:\/\/sviluppo.ibsaderma.swiss\/wp-content\/uploads\/2024\/12\/image002-tedesco.jpg\",\"width\":1921,\"height\":494},{\"@type\":\"BreadcrumbList\",\"@id\":\"https:\/\/sviluppo.ibsaderma.swiss\/de\/clinic-locator\/#breadcrumb\",\"itemListElement\":[{\"@type\":\"ListItem\",\"position\":1,\"name\":\"Home\",\"item\":\"https:\/\/sviluppo.ibsaderma.swiss\/de\/\"},{\"@type\":\"ListItem\",\"position\":2,\"name\":\"Clinic Locator\"}]},{\"@type\":\"WebSite\",\"@id\":\"https:\/\/sviluppo.ibsaderma.swiss\/de\/#website\",\"url\":\"https:\/\/sviluppo.ibsaderma.swiss\/de\/\",\"name\":\"IBSA Derma\",\"description\":\"\",\"publisher\":{\"@id\":\"https:\/\/sviluppo.ibsaderma.swiss\/de\/#organization\"},\"potentialAction\":[{\"@type\":\"SearchAction\",\"target\":{\"@type\":\"EntryPoint\",\"urlTemplate\":\"https:\/\/sviluppo.ibsaderma.swiss\/de\/?s={search_term_string}\"},\"query-input\":{\"@type\":\"PropertyValueSpecification\",\"valueRequired\":true,\"valueName\":\"search_term_string\"}}],\"inLanguage\":\"de\"},{\"@type\":\"Organization\",\"@id\":\"https:\/\/sviluppo.ibsaderma.swiss\/de\/#organization\",\"name\":\"IBSA DERMA\",\"url\":\"https:\/\/sviluppo.ibsaderma.swiss\/de\/\",\"logo\":{\"@type\":\"ImageObject\",\"inLanguage\":\"de\",\"@id\":\"https:\/\/sviluppo.ibsaderma.swiss\/de\/#\/schema\/logo\/image\/\",\"url\":\"https:\/\/sviluppo.ibsaderma.swiss\/wp-content\/uploads\/2020\/04\/logo-ibsaderma.png\",\"contentUrl\":\"https:\/\/sviluppo.ibsaderma.swiss\/wp-content\/uploads\/2020\/04\/logo-ibsaderma.png\",\"width\":290,\"height\":75,\"caption\":\"IBSA DERMA\"},\"image\":{\"@id\":\"https:\/\/sviluppo.ibsaderma.swiss\/de\/#\/schema\/logo\/image\/\"},\"sameAs\":[\"https:\/\/www.facebook.com\/ibsaderma\/\",\"https:\/\/www.instagram.com\/ibsa_derma_italia\/\"]}]}<\/script>\n<!-- \/ Yoast SEO plugin. -->","yoast_head_json":{"title":"Clinic Locator | IBSA Derma","robots":{"index":"noindex","follow":"follow","max-snippet":"max-snippet:-1","max-image-preview":"max-image-preview:large","max-video-preview":"max-video-preview:-1"},"og_locale":"de_DE","og_type":"article","og_title":"Clinic Locator | IBSA Derma","og_description":"DIE VON IBSA DERMA F\u00dcR SIE AUSGEW\u00c4HLTEN KLINIKEN DER \u00c4STHETISCHEN MEDIZIN Hinweis Clinic Locator ist ein Dienst von IBSA Farmaceutici Italia Srl, der es dem Benutzer erm\u00f6glicht, (i) anhand des Standorts des Ger\u00e4ts nach der n\u00e4chstgelegenen Klinik zu suchen, indem er die spezifische Adresse oder den Namen der Klinik eingibt; (ii) detaillierte Informationen einzuholen, um [&hellip;]","og_url":"https:\/\/sviluppo.ibsaderma.swiss\/de\/clinic-locator\/","og_site_name":"IBSA Derma","article_publisher":"https:\/\/www.facebook.com\/ibsaderma\/","article_modified_time":"2024-12-02T15:31:26+00:00","og_image":[{"width":1921,"height":494,"url":"https:\/\/sviluppo.ibsaderma.swiss\/wp-content\/uploads\/2024\/12\/image002-tedesco.jpg","type":"image\/jpeg"}],"twitter_card":"summary_large_image","twitter_misc":{"Gesch\u00e4tzte Lesezeit":"1\u00a0Minute"},"schema":{"@context":"https:\/\/schema.org","@graph":[{"@type":"WebPage","@id":"https:\/\/sviluppo.ibsaderma.swiss\/de\/clinic-locator\/","url":"https:\/\/sviluppo.ibsaderma.swiss\/de\/clinic-locator\/","name":"Clinic Locator | IBSA Derma","isPartOf":{"@id":"https:\/\/sviluppo.ibsaderma.swiss\/de\/#website"},"primaryImageOfPage":{"@id":"https:\/\/sviluppo.ibsaderma.swiss\/de\/clinic-locator\/#primaryimage"},"image":{"@id":"https:\/\/sviluppo.ibsaderma.swiss\/de\/clinic-locator\/#primaryimage"},"thumbnailUrl":"https:\/\/sviluppo.ibsaderma.swiss\/wp-content\/uploads\/2024\/12\/image002-tedesco.jpg","datePublished":"2022-03-09T08:51:55+00:00","dateModified":"2024-12-02T15:31:26+00:00","breadcrumb":{"@id":"https:\/\/sviluppo.ibsaderma.swiss\/de\/clinic-locator\/#breadcrumb"},"inLanguage":"de","potentialAction":[{"@type":"ReadAction","target":["https:\/\/sviluppo.ibsaderma.swiss\/de\/clinic-locator\/"]}]},{"@type":"ImageObject","inLanguage":"de","@id":"https:\/\/sviluppo.ibsaderma.swiss\/de\/clinic-locator\/#primaryimage","url":"https:\/\/sviluppo.ibsaderma.swiss\/wp-content\/uploads\/2024\/12\/image002-tedesco.jpg","contentUrl":"https:\/\/sviluppo.ibsaderma.swiss\/wp-content\/uploads\/2024\/12\/image002-tedesco.jpg","width":1921,"height":494},{"@type":"BreadcrumbList","@id":"https:\/\/sviluppo.ibsaderma.swiss\/de\/clinic-locator\/#breadcrumb","itemListElement":[{"@type":"ListItem","position":1,"name":"Home","item":"https:\/\/sviluppo.ibsaderma.swiss\/de\/"},{"@type":"ListItem","position":2,"name":"Clinic Locator"}]},{"@type":"WebSite","@id":"https:\/\/sviluppo.ibsaderma.swiss\/de\/#website","url":"https:\/\/sviluppo.ibsaderma.swiss\/de\/","name":"IBSA Derma","description":"","publisher":{"@id":"https:\/\/sviluppo.ibsaderma.swiss\/de\/#organization"},"potentialAction":[{"@type":"SearchAction","target":{"@type":"EntryPoint","urlTemplate":"https:\/\/sviluppo.ibsaderma.swiss\/de\/?s={search_term_string}"},"query-input":{"@type":"PropertyValueSpecification","valueRequired":true,"valueName":"search_term_string"}}],"inLanguage":"de"},{"@type":"Organization","@id":"https:\/\/sviluppo.ibsaderma.swiss\/de\/#organization","name":"IBSA DERMA","url":"https:\/\/sviluppo.ibsaderma.swiss\/de\/","logo":{"@type":"ImageObject","inLanguage":"de","@id":"https:\/\/sviluppo.ibsaderma.swiss\/de\/#\/schema\/logo\/image\/","url":"https:\/\/sviluppo.ibsaderma.swiss\/wp-content\/uploads\/2020\/04\/logo-ibsaderma.png","contentUrl":"https:\/\/sviluppo.ibsaderma.swiss\/wp-content\/uploads\/2020\/04\/logo-ibsaderma.png","width":290,"height":75,"caption":"IBSA DERMA"},"image":{"@id":"https:\/\/sviluppo.ibsaderma.swiss\/de\/#\/schema\/logo\/image\/"},"sameAs":["https:\/\/www.facebook.com\/ibsaderma\/","https:\/\/www.instagram.com\/ibsa_derma_italia\/"]}]}},"_links":{"self":[{"href":"https:\/\/sviluppo.ibsaderma.swiss\/de\/wp-json\/wp\/v2\/pages\/6020","targetHints":{"allow":["GET"]}}],"collection":[{"href":"https:\/\/sviluppo.ibsaderma.swiss\/de\/wp-json\/wp\/v2\/pages"}],"about":[{"href":"https:\/\/sviluppo.ibsaderma.swiss\/de\/wp-json\/wp\/v2\/types\/page"}],"author":[{"embeddable":true,"href":"https:\/\/sviluppo.ibsaderma.swiss\/de\/wp-json\/wp\/v2\/users\/47"}],"replies":[{"embeddable":true,"href":"https:\/\/sviluppo.ibsaderma.swiss\/de\/wp-json\/wp\/v2\/comments?post=6020"}],"version-history":[{"count":1,"href":"https:\/\/sviluppo.ibsaderma.swiss\/de\/wp-json\/wp\/v2\/pages\/6020\/revisions"}],"predecessor-version":[{"id":6021,"href":"https:\/\/sviluppo.ibsaderma.swiss\/de\/wp-json\/wp\/v2\/pages\/6020\/revisions\/6021"}],"wp:featuredmedia":[{"embeddable":true,"href":"https:\/\/sviluppo.ibsaderma.swiss\/de\/wp-json\/wp\/v2\/media\/6023"}],"wp:attachment":[{"href":"https:\/\/sviluppo.ibsaderma.swiss\/de\/wp-json\/wp\/v2\/media?parent=6020"}],"curies":[{"name":"wp","href":"https:\/\/api.w.org\/{rel}","templated":true}]}}