{"id":6051,"date":"2020-03-31T12:00:58","date_gmt":"2020-03-31T10:00:58","guid":{"rendered":"https:\/\/sviluppo.ibsaderma.swiss\/cookie-policy\/"},"modified":"2024-12-02T16:54:59","modified_gmt":"2024-12-02T15:54:59","slug":"cookie-policy","status":"publish","type":"page","link":"https:\/\/sviluppo.ibsaderma.swiss\/de\/cookie-policy\/","title":{"rendered":"Cookie Policy"},"content":{"rendered":"\n<p><strong><strong>Unsere Cookie-Richtlinie und andere Tracking-Systeme<\/strong><\/strong><\/p>\n\n\n\n<p>Diese Richtlinie erl\u00e4utert, wie diese Website Cookies verwendet, um klare und relevante Informationen zu bieten und den Benutzern Wahlm\u00f6glichkeiten zu geben und die Kontrolle dar\u00fcber auszu\u00fcben, was beim Besuch der Website geschieht. In dieser Richtlinie wird der Begriff &#8222;Cookie&#8220; verwendet. Dieser Begriff bezieht sich auf Cookies und \u00e4hnliche, gesetzlich vorgesehene Technologien (wie zum Beispiel Local Shared Objects &#8211; allgemein als &#8222;Flash Cookie&#8220; bezeichnet, Web-Beacon oder Bug, darunter transparente Clear Gif, tracking pixel).&nbsp;<\/p>\n\n\n\n<p>Die gesammelten Informationen betreffen Daten, die eine Identifizierung der Benutzer\/Besucher durch Assoziierung und Verarbeitung mit Daten im Besitz von Dritten erm\u00f6glichen k\u00f6nnten (wie zum Beispiel die Ziffern der IP-Adressen, Domain-Namen der Computer, die von Personen verwendet werden, welche sich mit der Website verbinden).&nbsp;<\/p>\n\n\n\n<p>Dieses Dokument ist fester und wesentlicher Bestandteil der Datenschutzrichtlinie und der darin enthaltenen Datenschutzerkl\u00e4rung, die ebenfalls gem\u00e4ss den Artikeln 13 und 14 der Verordnung (EU) 2016\/679 erstellt wurde. Bitte lesen Sie dieses Dokument sorgf\u00e4ltig durch.&nbsp;<\/p>\n\n\n\n<p><strong>Anwendbare gesetzliche Bestimmungen<\/strong>\u202f- Dieser Bereich wird geregelt durch die Europ\u00e4ische Richtlinie 2002\/58 \/EG &#8211; nachfolgend ge\u00e4ndert durch die Richtlinie 2009\/136 \/EG und umgesetzt durch die Rechtsprechung der einzelnen Mitgliedsstaaten der Europ\u00e4ischen Union, welche verlangt, die Benutzer zu informieren und die Zustimmung f\u00fcr die Verwendung von Cookies und \u00e4hnlichen Technologien einzuholen.&nbsp;<\/p>\n\n\n\n<p>Die Verwendung von Cookies und \u00e4hnlichen Technologien ist seit langem \u00fcblich, da Cookies f\u00fcr die Bereitstellung von vielen Online-Diensten wichtig sind. Die Verwendung dieser Technologien ist daher gesetzlich nicht verboten. Der Benutzer muss jedoch \u00fcber die Cookies informiert werden, und er muss die M\u00f6glichkeit haben, Cookies zu akzeptieren oder abzulehnen.&nbsp;<\/p>\n\n\n\n<p><strong>Was ist ein Cookie<\/strong>\u202f- Ein Cookie ist eine kleine Textdatei, generell bestehend aus Buchstaben und Zahlen, die auf dem Endger\u00e4t des Benutzers abgelegt wird, wenn dieser die Website besucht. Die Cookies werden bei allen nachfolgenden Besuchen dann zur Herkunfts-Website gesendet.&nbsp;<\/p>\n\n\n\n<p><strong>Tracking Pixel<\/strong> &#8211; Tracking Pixel sind Tracking-Tools, die ein \u00e4hnliches Tracking wie Cookies erm\u00f6glichen, aber im Gegensatz zu Cookies keine Informationen auf dem Ger\u00e4t speichern, das f\u00fcr den Zugriff auf die Website verwendet wird, und vom Nutzer nicht direkt \u00fcber die Browsereinstellungen entfernt werden k\u00f6nnen.&nbsp;<\/p>\n\n\n\n<p>Mithilfe von Cookies und Tracking Pixel gesammelte Daten k\u00f6nnen den Benutzer, seine Pr\u00e4ferenzen oder das f\u00fcr den Zugang zur Website verwendete Endger\u00e4t (Computer, Tablet oder Smartphone) betreffen und werden in erster Linie verwendet, um die Funktionsweise der Website an die Erwartungen des Benutzers anzupassen und das Nutzerverhalten zu erfassen, so dass \u00f6ffentliche Profile f\u00fcr statistische Zwecke oder f\u00fcr verhaltensbasiertes Retargeting erstellt werden k\u00f6nnen.<\/p>\n\n\n\n<p><strong>Verschiedene Arten von Cookies<\/strong>\u202f- Cookies werden je nach den betrachteten Aspekten in verschiedene Kategorien eingeteilt. In Bezug auf die Speicherdauer der Cookies wird zwischen Sitzungs-Cookies und dauerhaften Cookies unterschieden.&nbsp;<\/p>\n\n\n\n<p><strong>Sitzungs-Cookies<\/strong>\u202f- Cookies k\u00f6nnen bis zum Ende einer Browser-Sitzung g\u00fcltig sein (das heisst, wenn ein Benutzer ein Browser-Fenster \u00f6ffnet bis der Browser geschlossen wird). Solche Cookies erm\u00f6glichen es den Websites, die Aktionen des Benutzers w\u00e4hrend einer Browser-Sitzung miteinander zu verbinden. Diese Cookies k\u00f6nnen zu verschiedenen Zwecken verwendet werden, zum Beispiel um sich zu merken, was der Benutzer w\u00e4hrend seines Besuchs einer Website in den Einkaufswagen gelegt hat. Diese Cookies k\u00f6nnen auch zu Sicherheitszwecken verwendet werden, wenn ein Benutzer Internet-Banking durchf\u00fchrt oder um die Nutzung von Webmail zu vereinfachen. Diese Sitzungs-Cookies werden nach einer Browser-Sitzung ung\u00fcltig.&nbsp;<\/p>\n\n\n\n<p>Die Verwendung von so genannten Sitzungs-Cookies (die in keinem Fall dauerhaft auf dem Computer des Benutzers gespeichert und automatisch gel\u00f6scht werden, sobald der Browser geschlossen wird) ist strikt auf die \u00dcbertragung von Daten beschr\u00e4nkt (bestehend aus einer zuf\u00e4lligen Abfolge von Zahlen, die vom Server generiert wird), die sich auf die spezifische Sitzung beziehen und f\u00fcr eine sichere und effiziente Nutzung erforderlich sind. Die so genannten Sitzungs-Cookies, die auf dieser Website verwendet werden, vermeiden den Einsatz von anderen IT-Techniken, die potenziell die Privatsph\u00e4re beim Surfen in den Netzen der Benutzer beeintr\u00e4chtigen k\u00f6nnen.&nbsp;<\/p>\n\n\n\n<p><strong>Dauerhafte Cookies<\/strong>\u202f- Cookies k\u00f6nnen auch l\u00e4nger als nur f\u00fcr eine Sitzung gespeichert werden. Solche Cookies werden zwischen einzelnen Browser-Sitzungen auf dem Endger\u00e4t des Benutzers gespeichert und erm\u00f6glichen es, die Aktionen des Benutzers auf einer Website aufzuzeichnen. Die dauerhaften Cookies k\u00f6nnen zu verschiedenen Zwecken verwendet werden, zum Beispiel um sich die Pr\u00e4ferenzen und die getroffenen Auswahloptionen der Benutzer bei der Nutzung einer Website zu merken (oder in bestimmten F\u00e4llen \u00fcber mehrere Websites hinweg).&nbsp;<\/p>\n\n\n\n<p><strong>First-Party-Cookies und Third-Party-Cookies<\/strong>\u202f- Im Hinblick auf die Partei, die das Absetzen von Cookies veranlasst, wird zwischen First-Party-Cookies und Third-Party-Cookies unterschieden. Ob es sich bei einem Cookie um einen First-Party-Cookie oder einen Third-Party-Cookie handelt, ist abh\u00e4ngig von der Website bzw. der Domain, die das betreffende Cookie verwendet. First-Party-Cookies sind im Wesentlichen Cookies, die von der vom Benutzer besuchten Website abgelegt werden, das heisst von der im URL-Fenster angezeigten Website: In unserem Fall die Cookies, die von der Website des Verantwortlichen abgelegt werden. Third-Party-Cookies sind Cookies, die von einer anderen Domain als der von dem Besucher besuchten Domain abgelegt werden, dies sind also Cookies, die von anderen Websites als dieser Website des Verantwortlichen abgelegt werden. Wenn ein Benutzer eine Website (wie diese) besucht und ein Drittunternehmen ein Cookie \u00fcber diese Website ablegt, handelt es sich bei einem solchen Cookie um einen Third-Party-Cookie.&nbsp;<\/p>\n\n\n\n<p><strong>Technische Cookies<\/strong>\u202f- Technische Cookies sind f\u00fcr die Kommunikation auf elektronischen Netzwerken erforderlich und werden normalerweise direkt von dem Verantwortlichen oder dem Verwalter der Website installiert. Solche technischen Cookies dienen der korrekten Funktion der Website oder um die f\u00fcr den Benutzer erbrachten Services zu verbessern. F\u00fcr die Installation solcher Cookies ist die vorherige Zustimmung der Benutzer nicht erforderlich; die Benutzer m\u00fcssen jedoch \u00fcber ihr Vorhandensein informiert werden.&nbsp;<\/p>\n\n\n\n<p><strong>Profil-Cookies<\/strong>\u202f- Profil-Cookies dienen der Erstellung von Profilen \u00fcber den Benutzer und werden verwendet, um Nachrichten oder Werbemitteilungen gem\u00e4ss den Pr\u00e4ferenzen des Benutzers, die im Zusammenhang mit seinen Bewegungen im Internet festgestellt wurden, zu senden. Bei Profil-Cookies muss der Benutzer \u00fcber deren Vorhandensein informiert werden und er muss der Verwendung solcher Cookies zustimmen.&nbsp;<\/p>\n\n\n\n<p>F\u00fcr diese Website verwenden wir Cookies, durch die wir erfahren, wie die Besucher die Website benutzen, um die Website zu bewerten und ihre Funktionsweise zu verbessern. Auf die pers\u00f6nlichen Daten des Benutzers k\u00f6nnen wir nur in anonymisierter und geb\u00fcndelter Form zugreifen. Zu diesem Zweck verwenden wir die Cookies von Google Analytics.&nbsp;<\/p>\n\n\n\n<p><strong>Cookies zu Werbezwecken<\/strong>&nbsp;<br>Diese Cookies stammen von Services Dritter und erm\u00f6glichen die Bereitstellung von Informationen \u00fcber den Besuch des Benutzers auf unserer Website an Werbeagenturen, so dass dem Benutzer Werbemitteilungen auf der Grundlage seiner Interessen angezeigt werden k\u00f6nnen. Diese Cookies erm\u00f6glichen es zudem, uns \u00fcber die sozialen Netzwerke zu kontaktieren, die ebenfalls die Informationen \u00fcber den Besuch auf unserer Website durch den Benutzer verwenden k\u00f6nnen, damit ihm Werbemitteilungen angezeigt werden.&nbsp;<\/p>\n\n\n\n<p><strong>Rechtsinhaberschaft<\/strong> &#8211; IBSA FARMACEUTICI ITALIA SRL, wie in der Datenschutzerkl\u00e4rung angegeben, fungiert als Rechtsinhaber (Data Controller) ausschliesslich f\u00fcr seine eigenen Cookies, d.h. &#8222;First Party&#8220;-Cookies, und ist f\u00fcr diese verantwortlich; f\u00fcr &#8222;Third Party&#8220;-Cookies sind die jeweiligen Unternehmen verantwortlich.<\/p>\n\n\n\n<p><strong>Zustimmung zu Cookies<\/strong>&nbsp;<br>Diese Website nutzt verschiedene M\u00f6glichkeiten f\u00fcr die Einholung der Zustimmung des Benutzers. Eine M\u00f6glichkeit ist die Aktivierung des entsprechenden K\u00e4stchens unten auf der Seite, mit dem auf die Verwendung von Cookies hingewiesen wird.&nbsp;<\/p>\n\n\n\n<p>Die Einstellungen des Browsers sind eine andere M\u00f6glichkeit, die Zustimmung zu erkl\u00e4ren oder &#8211; im Gegenteil, um Cookies abzulehnen. Der Benutzer kann die Browser-Einstellungen so w\u00e4hlen, dass er \u00fcber die Anwesenheit von Cookies informiert wird und die M\u00f6glichkeit hat, die Cookies anzunehmen oder abzulehnen. Dar\u00fcber hinaus k\u00f6nnen durch die Aktivierung der entsprechenden Option im Browser alle Cookies automatisch abgelehnt werden.&nbsp;<\/p>\n\n\n\n<p>Jeder Browser bietet hierzu entsprechende Anweisungen. Wenn die Verwendung von Cookies deaktiviert werden soll, kann die Konfiguration des Browsers entsprechend ge\u00e4ndert werden, um Cookies zu blockieren. Weitere Informationen \u00fcber die geeignete Vorgehensweise sind der Anleitung des jeweiligen Browsers zu entnehmen. Dabei ist zu beachten, dass bei einer Deaktivierung aller Cookies die Nutzung der Website und der angebotenen Services ganz oder teilweise beeintr\u00e4chtigt werden kann.&nbsp;<\/p>\n\n\n\n<p><strong>Liste der verwendeten Cookies<\/strong><\/p>\n\n\n\n<!-- OneTrust Cookies List start -->\n<div id=\"ot-sdk-cookie-policy\"><\/div>\n<!-- OneTrust Cookies List end -->\n\n\n\n<p><strong>Weitere Informationen \u00fcber Cookies<\/strong>\u202f- Weitere Informationen \u00fcber die Cookies, die von dieser Website installiert werden, erhalten Sie unter der folgenden Email-Adresse:\u202f<a href=\"mailto:privacy@ibsa.ch\" target=\"_blank\" rel=\"noreferrer noopener\"><strong>privacy@ibsa.ch<\/strong><\/a><\/p>\n\n\n\n<p><strong>Aktualisierung der Datenschutzrichtlinie<\/strong>\u202f- Treten neue gesetzliche Vorschriften in diesem Bereich in Kraft, wie zum Beispiel die konstante \u00dcberpr\u00fcfung und Aktualisierung der Services f\u00fcr den Benutzer, kann es erforderlich machen, die Art der Verarbeitung von personenbezogenen Daten zu ver\u00e4ndern. Daher k\u00f6nnen nachfolgend \u00c4nderungen an dieser Richtlinie vorgenommen werden. Aus diesem Grund werden die Benutzer aufgefordert, diese Seite regelm\u00e4ssig zu besuchen. Zu diesem Zweck ist auf dem Richtliniendokument das Datum der letzten Aktualisierung angegeben.&nbsp;<\/p>\n\n\n\n<p><strong>Letzte Aktualisierung<\/strong>: 04\/09\/2023<\/p>\n","protected":false},"excerpt":{"rendered":"<p>Unsere Cookie-Richtlinie und andere Tracking-Systeme Diese Richtlinie erl\u00e4utert, wie diese Website Cookies verwendet, um klare und relevante Informationen zu bieten und den Benutzern Wahlm\u00f6glichkeiten zu geben und die Kontrolle dar\u00fcber auszu\u00fcben, was beim Besuch der Website geschieht. In dieser Richtlinie wird der Begriff &#8222;Cookie&#8220; verwendet. Dieser Begriff bezieht sich auf Cookies und \u00e4hnliche, gesetzlich vorgesehene [&hellip;]<\/p>\n","protected":false},"author":47,"featured_media":0,"parent":0,"menu_order":0,"comment_status":"closed","ping_status":"closed","template":"","meta":{"_acf_changed":false,"footnotes":""},"class_list":["post-6051","page","type-page","status-publish","hentry"],"acf":[],"yoast_head":"<!-- This site is optimized with the Yoast SEO plugin v25.4 - https:\/\/yoast.com\/wordpress\/plugins\/seo\/ -->\n<title>Cookie Policy | IBSA Derma<\/title>\n<meta name=\"robots\" content=\"noindex, follow, max-snippet:-1, max-image-preview:large, max-video-preview:-1\" \/>\n<meta property=\"og:locale\" content=\"de_DE\" \/>\n<meta property=\"og:type\" content=\"article\" \/>\n<meta property=\"og:title\" content=\"Cookie Policy | IBSA Derma\" \/>\n<meta property=\"og:description\" content=\"Unsere Cookie-Richtlinie und andere Tracking-Systeme Diese Richtlinie erl\u00e4utert, wie diese Website Cookies verwendet, um klare und relevante Informationen zu bieten und den Benutzern Wahlm\u00f6glichkeiten zu geben und die Kontrolle dar\u00fcber auszu\u00fcben, was beim Besuch der Website geschieht. In dieser Richtlinie wird der Begriff &#8222;Cookie&#8220; verwendet. Dieser Begriff bezieht sich auf Cookies und \u00e4hnliche, gesetzlich vorgesehene [&hellip;]\" \/>\n<meta property=\"og:url\" content=\"https:\/\/sviluppo.ibsaderma.swiss\/de\/cookie-policy\/\" \/>\n<meta property=\"og:site_name\" content=\"IBSA Derma\" \/>\n<meta property=\"article:publisher\" content=\"https:\/\/www.facebook.com\/ibsaderma\/\" \/>\n<meta property=\"article:modified_time\" content=\"2024-12-02T15:54:59+00:00\" \/>\n<meta name=\"twitter:card\" content=\"summary_large_image\" \/>\n<meta name=\"twitter:label1\" content=\"Gesch\u00e4tzte Lesezeit\" \/>\n\t<meta name=\"twitter:data1\" content=\"8\u00a0Minuten\" \/>\n<script type=\"application\/ld+json\" class=\"yoast-schema-graph\">{\"@context\":\"https:\/\/schema.org\",\"@graph\":[{\"@type\":\"WebPage\",\"@id\":\"https:\/\/sviluppo.ibsaderma.swiss\/de\/cookie-policy\/\",\"url\":\"https:\/\/sviluppo.ibsaderma.swiss\/de\/cookie-policy\/\",\"name\":\"Cookie Policy | IBSA Derma\",\"isPartOf\":{\"@id\":\"https:\/\/sviluppo.ibsaderma.swiss\/de\/#website\"},\"datePublished\":\"2020-03-31T10:00:58+00:00\",\"dateModified\":\"2024-12-02T15:54:59+00:00\",\"breadcrumb\":{\"@id\":\"https:\/\/sviluppo.ibsaderma.swiss\/de\/cookie-policy\/#breadcrumb\"},\"inLanguage\":\"de\",\"potentialAction\":[{\"@type\":\"ReadAction\",\"target\":[\"https:\/\/sviluppo.ibsaderma.swiss\/de\/cookie-policy\/\"]}]},{\"@type\":\"BreadcrumbList\",\"@id\":\"https:\/\/sviluppo.ibsaderma.swiss\/de\/cookie-policy\/#breadcrumb\",\"itemListElement\":[{\"@type\":\"ListItem\",\"position\":1,\"name\":\"Home\",\"item\":\"https:\/\/sviluppo.ibsaderma.swiss\/de\/\"},{\"@type\":\"ListItem\",\"position\":2,\"name\":\"Cookie Policy\"}]},{\"@type\":\"WebSite\",\"@id\":\"https:\/\/sviluppo.ibsaderma.swiss\/de\/#website\",\"url\":\"https:\/\/sviluppo.ibsaderma.swiss\/de\/\",\"name\":\"IBSA Derma\",\"description\":\"\",\"publisher\":{\"@id\":\"https:\/\/sviluppo.ibsaderma.swiss\/de\/#organization\"},\"potentialAction\":[{\"@type\":\"SearchAction\",\"target\":{\"@type\":\"EntryPoint\",\"urlTemplate\":\"https:\/\/sviluppo.ibsaderma.swiss\/de\/?s={search_term_string}\"},\"query-input\":{\"@type\":\"PropertyValueSpecification\",\"valueRequired\":true,\"valueName\":\"search_term_string\"}}],\"inLanguage\":\"de\"},{\"@type\":\"Organization\",\"@id\":\"https:\/\/sviluppo.ibsaderma.swiss\/de\/#organization\",\"name\":\"IBSA DERMA\",\"url\":\"https:\/\/sviluppo.ibsaderma.swiss\/de\/\",\"logo\":{\"@type\":\"ImageObject\",\"inLanguage\":\"de\",\"@id\":\"https:\/\/sviluppo.ibsaderma.swiss\/de\/#\/schema\/logo\/image\/\",\"url\":\"https:\/\/sviluppo.ibsaderma.swiss\/wp-content\/uploads\/2020\/04\/logo-ibsaderma.png\",\"contentUrl\":\"https:\/\/sviluppo.ibsaderma.swiss\/wp-content\/uploads\/2020\/04\/logo-ibsaderma.png\",\"width\":290,\"height\":75,\"caption\":\"IBSA DERMA\"},\"image\":{\"@id\":\"https:\/\/sviluppo.ibsaderma.swiss\/de\/#\/schema\/logo\/image\/\"},\"sameAs\":[\"https:\/\/www.facebook.com\/ibsaderma\/\",\"https:\/\/www.instagram.com\/ibsa_derma_italia\/\"]}]}<\/script>\n<!-- \/ Yoast SEO plugin. -->","yoast_head_json":{"title":"Cookie Policy | IBSA Derma","robots":{"index":"noindex","follow":"follow","max-snippet":"max-snippet:-1","max-image-preview":"max-image-preview:large","max-video-preview":"max-video-preview:-1"},"og_locale":"de_DE","og_type":"article","og_title":"Cookie Policy | IBSA Derma","og_description":"Unsere Cookie-Richtlinie und andere Tracking-Systeme Diese Richtlinie erl\u00e4utert, wie diese Website Cookies verwendet, um klare und relevante Informationen zu bieten und den Benutzern Wahlm\u00f6glichkeiten zu geben und die Kontrolle dar\u00fcber auszu\u00fcben, was beim Besuch der Website geschieht. In dieser Richtlinie wird der Begriff &#8222;Cookie&#8220; verwendet. Dieser Begriff bezieht sich auf Cookies und \u00e4hnliche, gesetzlich vorgesehene [&hellip;]","og_url":"https:\/\/sviluppo.ibsaderma.swiss\/de\/cookie-policy\/","og_site_name":"IBSA Derma","article_publisher":"https:\/\/www.facebook.com\/ibsaderma\/","article_modified_time":"2024-12-02T15:54:59+00:00","twitter_card":"summary_large_image","twitter_misc":{"Gesch\u00e4tzte Lesezeit":"8\u00a0Minuten"},"schema":{"@context":"https:\/\/schema.org","@graph":[{"@type":"WebPage","@id":"https:\/\/sviluppo.ibsaderma.swiss\/de\/cookie-policy\/","url":"https:\/\/sviluppo.ibsaderma.swiss\/de\/cookie-policy\/","name":"Cookie Policy | IBSA Derma","isPartOf":{"@id":"https:\/\/sviluppo.ibsaderma.swiss\/de\/#website"},"datePublished":"2020-03-31T10:00:58+00:00","dateModified":"2024-12-02T15:54:59+00:00","breadcrumb":{"@id":"https:\/\/sviluppo.ibsaderma.swiss\/de\/cookie-policy\/#breadcrumb"},"inLanguage":"de","potentialAction":[{"@type":"ReadAction","target":["https:\/\/sviluppo.ibsaderma.swiss\/de\/cookie-policy\/"]}]},{"@type":"BreadcrumbList","@id":"https:\/\/sviluppo.ibsaderma.swiss\/de\/cookie-policy\/#breadcrumb","itemListElement":[{"@type":"ListItem","position":1,"name":"Home","item":"https:\/\/sviluppo.ibsaderma.swiss\/de\/"},{"@type":"ListItem","position":2,"name":"Cookie Policy"}]},{"@type":"WebSite","@id":"https:\/\/sviluppo.ibsaderma.swiss\/de\/#website","url":"https:\/\/sviluppo.ibsaderma.swiss\/de\/","name":"IBSA Derma","description":"","publisher":{"@id":"https:\/\/sviluppo.ibsaderma.swiss\/de\/#organization"},"potentialAction":[{"@type":"SearchAction","target":{"@type":"EntryPoint","urlTemplate":"https:\/\/sviluppo.ibsaderma.swiss\/de\/?s={search_term_string}"},"query-input":{"@type":"PropertyValueSpecification","valueRequired":true,"valueName":"search_term_string"}}],"inLanguage":"de"},{"@type":"Organization","@id":"https:\/\/sviluppo.ibsaderma.swiss\/de\/#organization","name":"IBSA DERMA","url":"https:\/\/sviluppo.ibsaderma.swiss\/de\/","logo":{"@type":"ImageObject","inLanguage":"de","@id":"https:\/\/sviluppo.ibsaderma.swiss\/de\/#\/schema\/logo\/image\/","url":"https:\/\/sviluppo.ibsaderma.swiss\/wp-content\/uploads\/2020\/04\/logo-ibsaderma.png","contentUrl":"https:\/\/sviluppo.ibsaderma.swiss\/wp-content\/uploads\/2020\/04\/logo-ibsaderma.png","width":290,"height":75,"caption":"IBSA DERMA"},"image":{"@id":"https:\/\/sviluppo.ibsaderma.swiss\/de\/#\/schema\/logo\/image\/"},"sameAs":["https:\/\/www.facebook.com\/ibsaderma\/","https:\/\/www.instagram.com\/ibsa_derma_italia\/"]}]}},"_links":{"self":[{"href":"https:\/\/sviluppo.ibsaderma.swiss\/de\/wp-json\/wp\/v2\/pages\/6051","targetHints":{"allow":["GET"]}}],"collection":[{"href":"https:\/\/sviluppo.ibsaderma.swiss\/de\/wp-json\/wp\/v2\/pages"}],"about":[{"href":"https:\/\/sviluppo.ibsaderma.swiss\/de\/wp-json\/wp\/v2\/types\/page"}],"author":[{"embeddable":true,"href":"https:\/\/sviluppo.ibsaderma.swiss\/de\/wp-json\/wp\/v2\/users\/47"}],"replies":[{"embeddable":true,"href":"https:\/\/sviluppo.ibsaderma.swiss\/de\/wp-json\/wp\/v2\/comments?post=6051"}],"version-history":[{"count":1,"href":"https:\/\/sviluppo.ibsaderma.swiss\/de\/wp-json\/wp\/v2\/pages\/6051\/revisions"}],"predecessor-version":[{"id":6053,"href":"https:\/\/sviluppo.ibsaderma.swiss\/de\/wp-json\/wp\/v2\/pages\/6051\/revisions\/6053"}],"wp:attachment":[{"href":"https:\/\/sviluppo.ibsaderma.swiss\/de\/wp-json\/wp\/v2\/media?parent=6051"}],"curies":[{"name":"wp","href":"https:\/\/api.w.org\/{rel}","templated":true}]}}