{"id":6055,"date":"2020-03-15T17:45:57","date_gmt":"2020-03-15T16:45:57","guid":{"rendered":"https:\/\/sviluppo.ibsaderma.swiss\/corpo\/"},"modified":"2026-03-20T11:07:48","modified_gmt":"2026-03-20T10:07:48","slug":"korper","status":"publish","type":"page","link":"https:\/\/sviluppo.ibsaderma.swiss\/de\/korper\/","title":{"rendered":"K\u00f6rper"},"content":{"rendered":"\n<p>Beine, Arme, Abdomen und Dekollet\u00e9 k\u00f6nnen versch\u00f6nert werden, um die wahre Sch\u00f6nheit der Haut zum Vorschein zu bringen.<\/p>\n","protected":false},"excerpt":{"rendered":"<p>Beine, Arme, Abdomen und Dekollet\u00e9 k\u00f6nnen versch\u00f6nert werden, um die wahre Sch\u00f6nheit der Haut zum Vorschein zu bringen.<\/p>\n","protected":false},"author":47,"featured_media":5585,"parent":0,"menu_order":0,"comment_status":"closed","ping_status":"closed","template":"template-treatments-areas-parent.php","meta":{"_acf_changed":false,"footnotes":""},"class_list":["post-6055","page","type-page","status-publish","has-post-thumbnail","hentry"],"acf":[],"yoast_head":"<!-- This site is optimized with the Yoast SEO plugin v25.4 - https:\/\/yoast.com\/wordpress\/plugins\/seo\/ -->\n<title>K\u00f6rper | IBSA Derma<\/title>\n<meta name=\"robots\" content=\"noindex, follow, max-snippet:-1, max-image-preview:large, max-video-preview:-1\" \/>\n<meta property=\"og:locale\" content=\"de_DE\" \/>\n<meta property=\"og:type\" content=\"article\" \/>\n<meta property=\"og:title\" content=\"L&#039;acido ialuronico per prendersi cura del proprio corpo | IBSA DERMA\" \/>\n<meta property=\"og:description\" content=\"Questa \u00e8 l\u2019area pi\u00f9 estesa e noi la possiamo glorificare con la purezza dell\u2019acido ialuronico e l\u2019innovazione tecnologica.\" \/>\n<meta property=\"og:url\" content=\"https:\/\/sviluppo.ibsaderma.swiss\/de\/korper\/\" \/>\n<meta property=\"og:site_name\" content=\"IBSA Derma\" \/>\n<meta property=\"article:publisher\" content=\"https:\/\/www.facebook.com\/ibsaderma\/\" \/>\n<meta property=\"article:modified_time\" content=\"2026-03-20T10:07:48+00:00\" \/>\n<meta property=\"og:image\" content=\"https:\/\/sviluppo.ibsaderma.swiss\/wp-content\/uploads\/2020\/05\/skin_area_corpo_new.jpg\" \/>\n<meta name=\"twitter:card\" content=\"summary_large_image\" \/>\n<meta name=\"twitter:title\" content=\"L&#039;acido ialuronico per prendersi cura del proprio corpo | IBSA DERMA\" \/>\n<meta name=\"twitter:description\" content=\"Questa \u00e8 l\u2019area pi\u00f9 estesa e noi la possiamo glorificare con la purezza dell\u2019acido ialuronico e l\u2019innovazione tecnologica.\" \/>\n<meta name=\"twitter:image\" content=\"https:\/\/sviluppo.ibsaderma.swiss\/wp-content\/uploads\/2020\/05\/skin_area_corpo_new.jpg\" \/>\n<meta name=\"twitter:label1\" content=\"Gesch\u00e4tzte Lesezeit\" \/>\n\t<meta name=\"twitter:data1\" content=\"1\u00a0Minute\" \/>\n<script type=\"application\/ld+json\" class=\"yoast-schema-graph\">{\"@context\":\"https:\/\/schema.org\",\"@graph\":[{\"@type\":\"WebPage\",\"@id\":\"https:\/\/sviluppo.ibsaderma.swiss\/de\/korper\/\",\"url\":\"https:\/\/sviluppo.ibsaderma.swiss\/de\/korper\/\",\"name\":\"K\u00f6rper | IBSA Derma\",\"isPartOf\":{\"@id\":\"https:\/\/sviluppo.ibsaderma.swiss\/de\/#website\"},\"primaryImageOfPage\":{\"@id\":\"https:\/\/sviluppo.ibsaderma.swiss\/de\/korper\/#primaryimage\"},\"image\":{\"@id\":\"https:\/\/sviluppo.ibsaderma.swiss\/de\/korper\/#primaryimage\"},\"thumbnailUrl\":\"https:\/\/sviluppo.ibsaderma.swiss\/wp-content\/uploads\/2024\/07\/Corpo-1-scaled.jpg\",\"datePublished\":\"2020-03-15T16:45:57+00:00\",\"dateModified\":\"2026-03-20T10:07:48+00:00\",\"breadcrumb\":{\"@id\":\"https:\/\/sviluppo.ibsaderma.swiss\/de\/korper\/#breadcrumb\"},\"inLanguage\":\"de\",\"potentialAction\":[{\"@type\":\"ReadAction\",\"target\":[\"https:\/\/sviluppo.ibsaderma.swiss\/de\/korper\/\"]}]},{\"@type\":\"ImageObject\",\"inLanguage\":\"de\",\"@id\":\"https:\/\/sviluppo.ibsaderma.swiss\/de\/korper\/#primaryimage\",\"url\":\"https:\/\/sviluppo.ibsaderma.swiss\/wp-content\/uploads\/2024\/07\/Corpo-1-scaled.jpg\",\"contentUrl\":\"https:\/\/sviluppo.ibsaderma.swiss\/wp-content\/uploads\/2024\/07\/Corpo-1-scaled.jpg\",\"width\":2560,\"height\":553},{\"@type\":\"BreadcrumbList\",\"@id\":\"https:\/\/sviluppo.ibsaderma.swiss\/de\/korper\/#breadcrumb\",\"itemListElement\":[{\"@type\":\"ListItem\",\"position\":1,\"name\":\"Home\",\"item\":\"https:\/\/sviluppo.ibsaderma.swiss\/de\/\"},{\"@type\":\"ListItem\",\"position\":2,\"name\":\"K\u00f6rper\"}]},{\"@type\":\"WebSite\",\"@id\":\"https:\/\/sviluppo.ibsaderma.swiss\/de\/#website\",\"url\":\"https:\/\/sviluppo.ibsaderma.swiss\/de\/\",\"name\":\"IBSA Derma\",\"description\":\"\",\"publisher\":{\"@id\":\"https:\/\/sviluppo.ibsaderma.swiss\/de\/#organization\"},\"potentialAction\":[{\"@type\":\"SearchAction\",\"target\":{\"@type\":\"EntryPoint\",\"urlTemplate\":\"https:\/\/sviluppo.ibsaderma.swiss\/de\/?s={search_term_string}\"},\"query-input\":{\"@type\":\"PropertyValueSpecification\",\"valueRequired\":true,\"valueName\":\"search_term_string\"}}],\"inLanguage\":\"de\"},{\"@type\":\"Organization\",\"@id\":\"https:\/\/sviluppo.ibsaderma.swiss\/de\/#organization\",\"name\":\"IBSA DERMA\",\"url\":\"https:\/\/sviluppo.ibsaderma.swiss\/de\/\",\"logo\":{\"@type\":\"ImageObject\",\"inLanguage\":\"de\",\"@id\":\"https:\/\/sviluppo.ibsaderma.swiss\/de\/#\/schema\/logo\/image\/\",\"url\":\"https:\/\/sviluppo.ibsaderma.swiss\/wp-content\/uploads\/2020\/04\/logo-ibsaderma.png\",\"contentUrl\":\"https:\/\/sviluppo.ibsaderma.swiss\/wp-content\/uploads\/2020\/04\/logo-ibsaderma.png\",\"width\":290,\"height\":75,\"caption\":\"IBSA DERMA\"},\"image\":{\"@id\":\"https:\/\/sviluppo.ibsaderma.swiss\/de\/#\/schema\/logo\/image\/\"},\"sameAs\":[\"https:\/\/www.facebook.com\/ibsaderma\/\",\"https:\/\/www.instagram.com\/ibsa_derma_italia\/\"]}]}<\/script>\n<!-- \/ Yoast SEO plugin. -->","yoast_head_json":{"title":"K\u00f6rper | IBSA Derma","robots":{"index":"noindex","follow":"follow","max-snippet":"max-snippet:-1","max-image-preview":"max-image-preview:large","max-video-preview":"max-video-preview:-1"},"og_locale":"de_DE","og_type":"article","og_title":"L'acido ialuronico per prendersi cura del proprio corpo | IBSA DERMA","og_description":"Questa \u00e8 l\u2019area pi\u00f9 estesa e noi la possiamo glorificare con la purezza dell\u2019acido ialuronico e l\u2019innovazione tecnologica.","og_url":"https:\/\/sviluppo.ibsaderma.swiss\/de\/korper\/","og_site_name":"IBSA Derma","article_publisher":"https:\/\/www.facebook.com\/ibsaderma\/","article_modified_time":"2026-03-20T10:07:48+00:00","og_image":[{"url":"https:\/\/sviluppo.ibsaderma.swiss\/wp-content\/uploads\/2020\/05\/skin_area_corpo_new.jpg","type":"","width":"","height":""}],"twitter_card":"summary_large_image","twitter_title":"L'acido ialuronico per prendersi cura del proprio corpo | IBSA DERMA","twitter_description":"Questa \u00e8 l\u2019area pi\u00f9 estesa e noi la possiamo glorificare con la purezza dell\u2019acido ialuronico e l\u2019innovazione tecnologica.","twitter_image":"https:\/\/sviluppo.ibsaderma.swiss\/wp-content\/uploads\/2020\/05\/skin_area_corpo_new.jpg","twitter_misc":{"Gesch\u00e4tzte Lesezeit":"1\u00a0Minute"},"schema":{"@context":"https:\/\/schema.org","@graph":[{"@type":"WebPage","@id":"https:\/\/sviluppo.ibsaderma.swiss\/de\/korper\/","url":"https:\/\/sviluppo.ibsaderma.swiss\/de\/korper\/","name":"K\u00f6rper | IBSA Derma","isPartOf":{"@id":"https:\/\/sviluppo.ibsaderma.swiss\/de\/#website"},"primaryImageOfPage":{"@id":"https:\/\/sviluppo.ibsaderma.swiss\/de\/korper\/#primaryimage"},"image":{"@id":"https:\/\/sviluppo.ibsaderma.swiss\/de\/korper\/#primaryimage"},"thumbnailUrl":"https:\/\/sviluppo.ibsaderma.swiss\/wp-content\/uploads\/2024\/07\/Corpo-1-scaled.jpg","datePublished":"2020-03-15T16:45:57+00:00","dateModified":"2026-03-20T10:07:48+00:00","breadcrumb":{"@id":"https:\/\/sviluppo.ibsaderma.swiss\/de\/korper\/#breadcrumb"},"inLanguage":"de","potentialAction":[{"@type":"ReadAction","target":["https:\/\/sviluppo.ibsaderma.swiss\/de\/korper\/"]}]},{"@type":"ImageObject","inLanguage":"de","@id":"https:\/\/sviluppo.ibsaderma.swiss\/de\/korper\/#primaryimage","url":"https:\/\/sviluppo.ibsaderma.swiss\/wp-content\/uploads\/2024\/07\/Corpo-1-scaled.jpg","contentUrl":"https:\/\/sviluppo.ibsaderma.swiss\/wp-content\/uploads\/2024\/07\/Corpo-1-scaled.jpg","width":2560,"height":553},{"@type":"BreadcrumbList","@id":"https:\/\/sviluppo.ibsaderma.swiss\/de\/korper\/#breadcrumb","itemListElement":[{"@type":"ListItem","position":1,"name":"Home","item":"https:\/\/sviluppo.ibsaderma.swiss\/de\/"},{"@type":"ListItem","position":2,"name":"K\u00f6rper"}]},{"@type":"WebSite","@id":"https:\/\/sviluppo.ibsaderma.swiss\/de\/#website","url":"https:\/\/sviluppo.ibsaderma.swiss\/de\/","name":"IBSA Derma","description":"","publisher":{"@id":"https:\/\/sviluppo.ibsaderma.swiss\/de\/#organization"},"potentialAction":[{"@type":"SearchAction","target":{"@type":"EntryPoint","urlTemplate":"https:\/\/sviluppo.ibsaderma.swiss\/de\/?s={search_term_string}"},"query-input":{"@type":"PropertyValueSpecification","valueRequired":true,"valueName":"search_term_string"}}],"inLanguage":"de"},{"@type":"Organization","@id":"https:\/\/sviluppo.ibsaderma.swiss\/de\/#organization","name":"IBSA DERMA","url":"https:\/\/sviluppo.ibsaderma.swiss\/de\/","logo":{"@type":"ImageObject","inLanguage":"de","@id":"https:\/\/sviluppo.ibsaderma.swiss\/de\/#\/schema\/logo\/image\/","url":"https:\/\/sviluppo.ibsaderma.swiss\/wp-content\/uploads\/2020\/04\/logo-ibsaderma.png","contentUrl":"https:\/\/sviluppo.ibsaderma.swiss\/wp-content\/uploads\/2020\/04\/logo-ibsaderma.png","width":290,"height":75,"caption":"IBSA DERMA"},"image":{"@id":"https:\/\/sviluppo.ibsaderma.swiss\/de\/#\/schema\/logo\/image\/"},"sameAs":["https:\/\/www.facebook.com\/ibsaderma\/","https:\/\/www.instagram.com\/ibsa_derma_italia\/"]}]}},"_links":{"self":[{"href":"https:\/\/sviluppo.ibsaderma.swiss\/de\/wp-json\/wp\/v2\/pages\/6055","targetHints":{"allow":["GET"]}}],"collection":[{"href":"https:\/\/sviluppo.ibsaderma.swiss\/de\/wp-json\/wp\/v2\/pages"}],"about":[{"href":"https:\/\/sviluppo.ibsaderma.swiss\/de\/wp-json\/wp\/v2\/types\/page"}],"author":[{"embeddable":true,"href":"https:\/\/sviluppo.ibsaderma.swiss\/de\/wp-json\/wp\/v2\/users\/47"}],"replies":[{"embeddable":true,"href":"https:\/\/sviluppo.ibsaderma.swiss\/de\/wp-json\/wp\/v2\/comments?post=6055"}],"version-history":[{"count":8,"href":"https:\/\/sviluppo.ibsaderma.swiss\/de\/wp-json\/wp\/v2\/pages\/6055\/revisions"}],"predecessor-version":[{"id":6682,"href":"https:\/\/sviluppo.ibsaderma.swiss\/de\/wp-json\/wp\/v2\/pages\/6055\/revisions\/6682"}],"wp:featuredmedia":[{"embeddable":true,"href":"https:\/\/sviluppo.ibsaderma.swiss\/de\/wp-json\/wp\/v2\/media\/5585"}],"wp:attachment":[{"href":"https:\/\/sviluppo.ibsaderma.swiss\/de\/wp-json\/wp\/v2\/media?parent=6055"}],"curies":[{"name":"wp","href":"https:\/\/api.w.org\/{rel}","templated":true}]}}