{"id":6088,"date":"2020-03-15T17:45:33","date_gmt":"2020-03-15T16:45:33","guid":{"rendered":"https:\/\/sviluppo.ibsaderma.swiss\/viso\/"},"modified":"2026-03-19T15:02:01","modified_gmt":"2026-03-19T14:02:01","slug":"gesicht-hals","status":"publish","type":"page","link":"https:\/\/sviluppo.ibsaderma.swiss\/de\/gesicht-hals\/","title":{"rendered":"Gesicht &amp; hals"},"content":{"rendered":"\n<p>Das Gesicht ist der ausdrucksst\u00e4rkste Teil des Menschen. Der Hals muss mit Feuchtigkeit versorgt werden, um seine Spannkraft und N\u00e4hrstoffe zu erhalten. Dank des Ansatzes von IBSA Derma kommt die authentische Sch\u00f6nheit eines jeden Menschen zum Vorschein.<\/p>\n","protected":false},"excerpt":{"rendered":"<p>Das Gesicht ist der ausdrucksst\u00e4rkste Teil des Menschen. Der Hals muss mit Feuchtigkeit versorgt werden, um seine Spannkraft und N\u00e4hrstoffe zu erhalten. Dank des Ansatzes von IBSA Derma kommt die authentische Sch\u00f6nheit eines jeden Menschen zum Vorschein.<\/p>\n","protected":false},"author":47,"featured_media":5575,"parent":0,"menu_order":0,"comment_status":"closed","ping_status":"closed","template":"template-treatments-areas-parent.php","meta":{"_acf_changed":false,"footnotes":""},"class_list":["post-6088","page","type-page","status-publish","has-post-thumbnail","hentry"],"acf":[],"yoast_head":"<!-- This site is optimized with the Yoast SEO plugin v25.4 - https:\/\/yoast.com\/wordpress\/plugins\/seo\/ -->\n<title>Gesicht &amp; hals | IBSA Derma<\/title>\n<meta name=\"robots\" content=\"noindex, follow, max-snippet:-1, max-image-preview:large, max-video-preview:-1\" \/>\n<meta property=\"og:locale\" content=\"de_DE\" \/>\n<meta property=\"og:type\" content=\"article\" \/>\n<meta property=\"og:title\" content=\"L&#039;acido ialuronico per il benessere del viso | IBSA DERMA\" \/>\n<meta property=\"og:description\" content=\"La pelle del viso \u00e8 la pi\u00f9 esposta all&#039;invecchiamento e alla comparsa di inestetismi. proteggila con i prodotti a base di acido ialuronico ultrapuro\" \/>\n<meta property=\"og:url\" content=\"https:\/\/sviluppo.ibsaderma.swiss\/de\/gesicht-hals\/\" \/>\n<meta property=\"og:site_name\" content=\"IBSA Derma\" \/>\n<meta property=\"article:publisher\" content=\"https:\/\/www.facebook.com\/ibsaderma\/\" \/>\n<meta property=\"article:modified_time\" content=\"2026-03-19T14:02:01+00:00\" \/>\n<meta property=\"og:image\" content=\"https:\/\/sviluppo.ibsaderma.swiss\/wp-content\/uploads\/2020\/03\/aree-cutanee-viso.jpg\" \/>\n<meta name=\"twitter:card\" content=\"summary_large_image\" \/>\n<meta name=\"twitter:title\" content=\"L&#039;acido ialuronico per il benessere del viso | IBSA DERMA\" \/>\n<meta name=\"twitter:description\" content=\"La pelle del viso \u00e8 la pi\u00f9 esposta all&#039;invecchiamento e alla comparsa di inestetismi. proteggila con i prodotti a base di acido ialuronico ultrapuro\" \/>\n<meta name=\"twitter:image\" content=\"https:\/\/sviluppo.ibsaderma.swiss\/wp-content\/uploads\/2020\/03\/aree-cutanee-viso.jpg\" \/>\n<meta name=\"twitter:label1\" content=\"Gesch\u00e4tzte Lesezeit\" \/>\n\t<meta name=\"twitter:data1\" content=\"1\u00a0Minute\" \/>\n<script type=\"application\/ld+json\" class=\"yoast-schema-graph\">{\"@context\":\"https:\/\/schema.org\",\"@graph\":[{\"@type\":\"WebPage\",\"@id\":\"https:\/\/sviluppo.ibsaderma.swiss\/de\/gesicht-hals\/\",\"url\":\"https:\/\/sviluppo.ibsaderma.swiss\/de\/gesicht-hals\/\",\"name\":\"Gesicht &amp; hals | IBSA Derma\",\"isPartOf\":{\"@id\":\"https:\/\/sviluppo.ibsaderma.swiss\/de\/#website\"},\"primaryImageOfPage\":{\"@id\":\"https:\/\/sviluppo.ibsaderma.swiss\/de\/gesicht-hals\/#primaryimage\"},\"image\":{\"@id\":\"https:\/\/sviluppo.ibsaderma.swiss\/de\/gesicht-hals\/#primaryimage\"},\"thumbnailUrl\":\"https:\/\/sviluppo.ibsaderma.swiss\/wp-content\/uploads\/2024\/07\/Header_FACE_1920x1080.jpg\",\"datePublished\":\"2020-03-15T16:45:33+00:00\",\"dateModified\":\"2026-03-19T14:02:01+00:00\",\"breadcrumb\":{\"@id\":\"https:\/\/sviluppo.ibsaderma.swiss\/de\/gesicht-hals\/#breadcrumb\"},\"inLanguage\":\"de\",\"potentialAction\":[{\"@type\":\"ReadAction\",\"target\":[\"https:\/\/sviluppo.ibsaderma.swiss\/de\/gesicht-hals\/\"]}]},{\"@type\":\"ImageObject\",\"inLanguage\":\"de\",\"@id\":\"https:\/\/sviluppo.ibsaderma.swiss\/de\/gesicht-hals\/#primaryimage\",\"url\":\"https:\/\/sviluppo.ibsaderma.swiss\/wp-content\/uploads\/2024\/07\/Header_FACE_1920x1080.jpg\",\"contentUrl\":\"https:\/\/sviluppo.ibsaderma.swiss\/wp-content\/uploads\/2024\/07\/Header_FACE_1920x1080.jpg\",\"width\":1920,\"height\":1080},{\"@type\":\"BreadcrumbList\",\"@id\":\"https:\/\/sviluppo.ibsaderma.swiss\/de\/gesicht-hals\/#breadcrumb\",\"itemListElement\":[{\"@type\":\"ListItem\",\"position\":1,\"name\":\"Home\",\"item\":\"https:\/\/sviluppo.ibsaderma.swiss\/de\/\"},{\"@type\":\"ListItem\",\"position\":2,\"name\":\"Gesicht &amp; hals\"}]},{\"@type\":\"WebSite\",\"@id\":\"https:\/\/sviluppo.ibsaderma.swiss\/de\/#website\",\"url\":\"https:\/\/sviluppo.ibsaderma.swiss\/de\/\",\"name\":\"IBSA Derma\",\"description\":\"\",\"publisher\":{\"@id\":\"https:\/\/sviluppo.ibsaderma.swiss\/de\/#organization\"},\"potentialAction\":[{\"@type\":\"SearchAction\",\"target\":{\"@type\":\"EntryPoint\",\"urlTemplate\":\"https:\/\/sviluppo.ibsaderma.swiss\/de\/?s={search_term_string}\"},\"query-input\":{\"@type\":\"PropertyValueSpecification\",\"valueRequired\":true,\"valueName\":\"search_term_string\"}}],\"inLanguage\":\"de\"},{\"@type\":\"Organization\",\"@id\":\"https:\/\/sviluppo.ibsaderma.swiss\/de\/#organization\",\"name\":\"IBSA DERMA\",\"url\":\"https:\/\/sviluppo.ibsaderma.swiss\/de\/\",\"logo\":{\"@type\":\"ImageObject\",\"inLanguage\":\"de\",\"@id\":\"https:\/\/sviluppo.ibsaderma.swiss\/de\/#\/schema\/logo\/image\/\",\"url\":\"https:\/\/sviluppo.ibsaderma.swiss\/wp-content\/uploads\/2020\/04\/logo-ibsaderma.png\",\"contentUrl\":\"https:\/\/sviluppo.ibsaderma.swiss\/wp-content\/uploads\/2020\/04\/logo-ibsaderma.png\",\"width\":290,\"height\":75,\"caption\":\"IBSA DERMA\"},\"image\":{\"@id\":\"https:\/\/sviluppo.ibsaderma.swiss\/de\/#\/schema\/logo\/image\/\"},\"sameAs\":[\"https:\/\/www.facebook.com\/ibsaderma\/\",\"https:\/\/www.instagram.com\/ibsa_derma_italia\/\"]}]}<\/script>\n<!-- \/ Yoast SEO plugin. -->","yoast_head_json":{"title":"Gesicht &amp; hals | IBSA Derma","robots":{"index":"noindex","follow":"follow","max-snippet":"max-snippet:-1","max-image-preview":"max-image-preview:large","max-video-preview":"max-video-preview:-1"},"og_locale":"de_DE","og_type":"article","og_title":"L'acido ialuronico per il benessere del viso | IBSA DERMA","og_description":"La pelle del viso \u00e8 la pi\u00f9 esposta all'invecchiamento e alla comparsa di inestetismi. proteggila con i prodotti a base di acido ialuronico ultrapuro","og_url":"https:\/\/sviluppo.ibsaderma.swiss\/de\/gesicht-hals\/","og_site_name":"IBSA Derma","article_publisher":"https:\/\/www.facebook.com\/ibsaderma\/","article_modified_time":"2026-03-19T14:02:01+00:00","og_image":[{"url":"https:\/\/sviluppo.ibsaderma.swiss\/wp-content\/uploads\/2020\/03\/aree-cutanee-viso.jpg","type":"","width":"","height":""}],"twitter_card":"summary_large_image","twitter_title":"L'acido ialuronico per il benessere del viso | IBSA DERMA","twitter_description":"La pelle del viso \u00e8 la pi\u00f9 esposta all'invecchiamento e alla comparsa di inestetismi. proteggila con i prodotti a base di acido ialuronico ultrapuro","twitter_image":"https:\/\/sviluppo.ibsaderma.swiss\/wp-content\/uploads\/2020\/03\/aree-cutanee-viso.jpg","twitter_misc":{"Gesch\u00e4tzte Lesezeit":"1\u00a0Minute"},"schema":{"@context":"https:\/\/schema.org","@graph":[{"@type":"WebPage","@id":"https:\/\/sviluppo.ibsaderma.swiss\/de\/gesicht-hals\/","url":"https:\/\/sviluppo.ibsaderma.swiss\/de\/gesicht-hals\/","name":"Gesicht &amp; hals | IBSA Derma","isPartOf":{"@id":"https:\/\/sviluppo.ibsaderma.swiss\/de\/#website"},"primaryImageOfPage":{"@id":"https:\/\/sviluppo.ibsaderma.swiss\/de\/gesicht-hals\/#primaryimage"},"image":{"@id":"https:\/\/sviluppo.ibsaderma.swiss\/de\/gesicht-hals\/#primaryimage"},"thumbnailUrl":"https:\/\/sviluppo.ibsaderma.swiss\/wp-content\/uploads\/2024\/07\/Header_FACE_1920x1080.jpg","datePublished":"2020-03-15T16:45:33+00:00","dateModified":"2026-03-19T14:02:01+00:00","breadcrumb":{"@id":"https:\/\/sviluppo.ibsaderma.swiss\/de\/gesicht-hals\/#breadcrumb"},"inLanguage":"de","potentialAction":[{"@type":"ReadAction","target":["https:\/\/sviluppo.ibsaderma.swiss\/de\/gesicht-hals\/"]}]},{"@type":"ImageObject","inLanguage":"de","@id":"https:\/\/sviluppo.ibsaderma.swiss\/de\/gesicht-hals\/#primaryimage","url":"https:\/\/sviluppo.ibsaderma.swiss\/wp-content\/uploads\/2024\/07\/Header_FACE_1920x1080.jpg","contentUrl":"https:\/\/sviluppo.ibsaderma.swiss\/wp-content\/uploads\/2024\/07\/Header_FACE_1920x1080.jpg","width":1920,"height":1080},{"@type":"BreadcrumbList","@id":"https:\/\/sviluppo.ibsaderma.swiss\/de\/gesicht-hals\/#breadcrumb","itemListElement":[{"@type":"ListItem","position":1,"name":"Home","item":"https:\/\/sviluppo.ibsaderma.swiss\/de\/"},{"@type":"ListItem","position":2,"name":"Gesicht &amp; hals"}]},{"@type":"WebSite","@id":"https:\/\/sviluppo.ibsaderma.swiss\/de\/#website","url":"https:\/\/sviluppo.ibsaderma.swiss\/de\/","name":"IBSA Derma","description":"","publisher":{"@id":"https:\/\/sviluppo.ibsaderma.swiss\/de\/#organization"},"potentialAction":[{"@type":"SearchAction","target":{"@type":"EntryPoint","urlTemplate":"https:\/\/sviluppo.ibsaderma.swiss\/de\/?s={search_term_string}"},"query-input":{"@type":"PropertyValueSpecification","valueRequired":true,"valueName":"search_term_string"}}],"inLanguage":"de"},{"@type":"Organization","@id":"https:\/\/sviluppo.ibsaderma.swiss\/de\/#organization","name":"IBSA DERMA","url":"https:\/\/sviluppo.ibsaderma.swiss\/de\/","logo":{"@type":"ImageObject","inLanguage":"de","@id":"https:\/\/sviluppo.ibsaderma.swiss\/de\/#\/schema\/logo\/image\/","url":"https:\/\/sviluppo.ibsaderma.swiss\/wp-content\/uploads\/2020\/04\/logo-ibsaderma.png","contentUrl":"https:\/\/sviluppo.ibsaderma.swiss\/wp-content\/uploads\/2020\/04\/logo-ibsaderma.png","width":290,"height":75,"caption":"IBSA DERMA"},"image":{"@id":"https:\/\/sviluppo.ibsaderma.swiss\/de\/#\/schema\/logo\/image\/"},"sameAs":["https:\/\/www.facebook.com\/ibsaderma\/","https:\/\/www.instagram.com\/ibsa_derma_italia\/"]}]}},"_links":{"self":[{"href":"https:\/\/sviluppo.ibsaderma.swiss\/de\/wp-json\/wp\/v2\/pages\/6088","targetHints":{"allow":["GET"]}}],"collection":[{"href":"https:\/\/sviluppo.ibsaderma.swiss\/de\/wp-json\/wp\/v2\/pages"}],"about":[{"href":"https:\/\/sviluppo.ibsaderma.swiss\/de\/wp-json\/wp\/v2\/types\/page"}],"author":[{"embeddable":true,"href":"https:\/\/sviluppo.ibsaderma.swiss\/de\/wp-json\/wp\/v2\/users\/47"}],"replies":[{"embeddable":true,"href":"https:\/\/sviluppo.ibsaderma.swiss\/de\/wp-json\/wp\/v2\/comments?post=6088"}],"version-history":[{"count":10,"href":"https:\/\/sviluppo.ibsaderma.swiss\/de\/wp-json\/wp\/v2\/pages\/6088\/revisions"}],"predecessor-version":[{"id":6640,"href":"https:\/\/sviluppo.ibsaderma.swiss\/de\/wp-json\/wp\/v2\/pages\/6088\/revisions\/6640"}],"wp:featuredmedia":[{"embeddable":true,"href":"https:\/\/sviluppo.ibsaderma.swiss\/de\/wp-json\/wp\/v2\/media\/5575"}],"wp:attachment":[{"href":"https:\/\/sviluppo.ibsaderma.swiss\/de\/wp-json\/wp\/v2\/media?parent=6088"}],"curies":[{"name":"wp","href":"https:\/\/api.w.org\/{rel}","templated":true}]}}