{"id":6118,"date":"2020-03-15T17:46:20","date_gmt":"2020-03-15T16:46:20","guid":{"rendered":"https:\/\/sviluppo.ibsaderma.swiss\/hautbedurfnisse\/makeup\/"},"modified":"2026-03-20T15:48:37","modified_gmt":"2026-03-20T14:48:37","slug":"makeup","status":"publish","type":"page","link":"https:\/\/sviluppo.ibsaderma.swiss\/de\/hautbedurfnisse\/makeup\/","title":{"rendered":"Make-up"},"content":{"rendered":"\n<p>Hyalurons\u00e4ure-L\u00f6sungen spenden Feuchtigkeit, n\u00e4hren und unterstreichen echte Sch\u00f6nheit.<\/p>\n","protected":false},"excerpt":{"rendered":"<p>Hyalurons\u00e4ure-L\u00f6sungen spenden Feuchtigkeit, n\u00e4hren und unterstreichen echte Sch\u00f6nheit.<\/p>\n","protected":false},"author":47,"featured_media":5595,"parent":6105,"menu_order":0,"comment_status":"closed","ping_status":"closed","template":"template-treatments-areas-child.php","meta":{"_acf_changed":false,"footnotes":""},"class_list":["post-6118","page","type-page","status-publish","has-post-thumbnail","hentry"],"acf":[],"yoast_head":"<!-- This site is optimized with the Yoast SEO plugin v25.4 - https:\/\/yoast.com\/wordpress\/plugins\/seo\/ -->\n<title>Make-up | IBSA Derma<\/title>\n<meta name=\"robots\" content=\"noindex, follow, max-snippet:-1, max-image-preview:large, max-video-preview:-1\" \/>\n<meta property=\"og:locale\" content=\"de_DE\" \/>\n<meta property=\"og:type\" content=\"article\" \/>\n<meta property=\"og:title\" content=\"Un make-up specifico per la salute della pelle | IBSA DERMA\" \/>\n<meta property=\"og:description\" content=\"I make-up a base di acido ialuronico nutrono la pelle in profondit\u00e0 e favoriscono il rinnovamento cellulare, per un effetti anti-et\u00e0 perfettamente naturale\" \/>\n<meta property=\"og:url\" content=\"https:\/\/sviluppo.ibsaderma.swiss\/de\/hautbedurfnisse\/makeup\/\" \/>\n<meta property=\"og:site_name\" content=\"IBSA Derma\" \/>\n<meta property=\"article:publisher\" content=\"https:\/\/www.facebook.com\/ibsaderma\/\" \/>\n<meta property=\"article:modified_time\" content=\"2026-03-20T14:48:37+00:00\" \/>\n<meta property=\"og:image\" content=\"https:\/\/sviluppo.ibsaderma.swiss\/wp-content\/uploads\/2020\/03\/esigenze-pelle-makeup.jpg\" \/>\n<meta name=\"twitter:card\" content=\"summary_large_image\" \/>\n<meta name=\"twitter:title\" content=\"Un make-up specifico per la salute della pelle | IBSA DERMA\" \/>\n<meta name=\"twitter:description\" content=\"I make-up a base di acido ialuronico nutrono la pelle in profondit\u00e0 e favoriscono il rinnovamento cellulare, per un effetti anti-et\u00e0 perfettamente naturale\" \/>\n<meta name=\"twitter:image\" content=\"https:\/\/sviluppo.ibsaderma.swiss\/wp-content\/uploads\/2020\/03\/esigenze-pelle-makeup.jpg\" \/>\n<meta name=\"twitter:label1\" content=\"Gesch\u00e4tzte Lesezeit\" \/>\n\t<meta name=\"twitter:data1\" content=\"1\u00a0Minute\" \/>\n<script type=\"application\/ld+json\" class=\"yoast-schema-graph\">{\"@context\":\"https:\/\/schema.org\",\"@graph\":[{\"@type\":\"WebPage\",\"@id\":\"https:\/\/sviluppo.ibsaderma.swiss\/de\/hautbedurfnisse\/makeup\/\",\"url\":\"https:\/\/sviluppo.ibsaderma.swiss\/de\/hautbedurfnisse\/makeup\/\",\"name\":\"Make-up | IBSA Derma\",\"isPartOf\":{\"@id\":\"https:\/\/sviluppo.ibsaderma.swiss\/de\/#website\"},\"primaryImageOfPage\":{\"@id\":\"https:\/\/sviluppo.ibsaderma.swiss\/de\/hautbedurfnisse\/makeup\/#primaryimage\"},\"image\":{\"@id\":\"https:\/\/sviluppo.ibsaderma.swiss\/de\/hautbedurfnisse\/makeup\/#primaryimage\"},\"thumbnailUrl\":\"https:\/\/sviluppo.ibsaderma.swiss\/wp-content\/uploads\/2024\/07\/Make-up.jpg\",\"datePublished\":\"2020-03-15T16:46:20+00:00\",\"dateModified\":\"2026-03-20T14:48:37+00:00\",\"breadcrumb\":{\"@id\":\"https:\/\/sviluppo.ibsaderma.swiss\/de\/hautbedurfnisse\/makeup\/#breadcrumb\"},\"inLanguage\":\"de\",\"potentialAction\":[{\"@type\":\"ReadAction\",\"target\":[\"https:\/\/sviluppo.ibsaderma.swiss\/de\/hautbedurfnisse\/makeup\/\"]}]},{\"@type\":\"ImageObject\",\"inLanguage\":\"de\",\"@id\":\"https:\/\/sviluppo.ibsaderma.swiss\/de\/hautbedurfnisse\/makeup\/#primaryimage\",\"url\":\"https:\/\/sviluppo.ibsaderma.swiss\/wp-content\/uploads\/2024\/07\/Make-up.jpg\",\"contentUrl\":\"https:\/\/sviluppo.ibsaderma.swiss\/wp-content\/uploads\/2024\/07\/Make-up.jpg\",\"width\":1920,\"height\":1080},{\"@type\":\"BreadcrumbList\",\"@id\":\"https:\/\/sviluppo.ibsaderma.swiss\/de\/hautbedurfnisse\/makeup\/#breadcrumb\",\"itemListElement\":[{\"@type\":\"ListItem\",\"position\":1,\"name\":\"Home\",\"item\":\"https:\/\/sviluppo.ibsaderma.swiss\/de\/\"},{\"@type\":\"ListItem\",\"position\":2,\"name\":\"Hautbed\u00fcrfnisse\",\"item\":\"https:\/\/sviluppo.ibsaderma.swiss\/de\/hautbedurfnisse\/\"},{\"@type\":\"ListItem\",\"position\":3,\"name\":\"Make-up\"}]},{\"@type\":\"WebSite\",\"@id\":\"https:\/\/sviluppo.ibsaderma.swiss\/de\/#website\",\"url\":\"https:\/\/sviluppo.ibsaderma.swiss\/de\/\",\"name\":\"IBSA Derma\",\"description\":\"\",\"publisher\":{\"@id\":\"https:\/\/sviluppo.ibsaderma.swiss\/de\/#organization\"},\"potentialAction\":[{\"@type\":\"SearchAction\",\"target\":{\"@type\":\"EntryPoint\",\"urlTemplate\":\"https:\/\/sviluppo.ibsaderma.swiss\/de\/?s={search_term_string}\"},\"query-input\":{\"@type\":\"PropertyValueSpecification\",\"valueRequired\":true,\"valueName\":\"search_term_string\"}}],\"inLanguage\":\"de\"},{\"@type\":\"Organization\",\"@id\":\"https:\/\/sviluppo.ibsaderma.swiss\/de\/#organization\",\"name\":\"IBSA DERMA\",\"url\":\"https:\/\/sviluppo.ibsaderma.swiss\/de\/\",\"logo\":{\"@type\":\"ImageObject\",\"inLanguage\":\"de\",\"@id\":\"https:\/\/sviluppo.ibsaderma.swiss\/de\/#\/schema\/logo\/image\/\",\"url\":\"https:\/\/sviluppo.ibsaderma.swiss\/wp-content\/uploads\/2020\/04\/logo-ibsaderma.png\",\"contentUrl\":\"https:\/\/sviluppo.ibsaderma.swiss\/wp-content\/uploads\/2020\/04\/logo-ibsaderma.png\",\"width\":290,\"height\":75,\"caption\":\"IBSA DERMA\"},\"image\":{\"@id\":\"https:\/\/sviluppo.ibsaderma.swiss\/de\/#\/schema\/logo\/image\/\"},\"sameAs\":[\"https:\/\/www.facebook.com\/ibsaderma\/\",\"https:\/\/www.instagram.com\/ibsa_derma_italia\/\"]}]}<\/script>\n<!-- \/ Yoast SEO plugin. -->","yoast_head_json":{"title":"Make-up | IBSA Derma","robots":{"index":"noindex","follow":"follow","max-snippet":"max-snippet:-1","max-image-preview":"max-image-preview:large","max-video-preview":"max-video-preview:-1"},"og_locale":"de_DE","og_type":"article","og_title":"Un make-up specifico per la salute della pelle | IBSA DERMA","og_description":"I make-up a base di acido ialuronico nutrono la pelle in profondit\u00e0 e favoriscono il rinnovamento cellulare, per un effetti anti-et\u00e0 perfettamente naturale","og_url":"https:\/\/sviluppo.ibsaderma.swiss\/de\/hautbedurfnisse\/makeup\/","og_site_name":"IBSA Derma","article_publisher":"https:\/\/www.facebook.com\/ibsaderma\/","article_modified_time":"2026-03-20T14:48:37+00:00","og_image":[{"url":"https:\/\/sviluppo.ibsaderma.swiss\/wp-content\/uploads\/2020\/03\/esigenze-pelle-makeup.jpg","type":"","width":"","height":""}],"twitter_card":"summary_large_image","twitter_title":"Un make-up specifico per la salute della pelle | IBSA DERMA","twitter_description":"I make-up a base di acido ialuronico nutrono la pelle in profondit\u00e0 e favoriscono il rinnovamento cellulare, per un effetti anti-et\u00e0 perfettamente naturale","twitter_image":"https:\/\/sviluppo.ibsaderma.swiss\/wp-content\/uploads\/2020\/03\/esigenze-pelle-makeup.jpg","twitter_misc":{"Gesch\u00e4tzte Lesezeit":"1\u00a0Minute"},"schema":{"@context":"https:\/\/schema.org","@graph":[{"@type":"WebPage","@id":"https:\/\/sviluppo.ibsaderma.swiss\/de\/hautbedurfnisse\/makeup\/","url":"https:\/\/sviluppo.ibsaderma.swiss\/de\/hautbedurfnisse\/makeup\/","name":"Make-up | IBSA Derma","isPartOf":{"@id":"https:\/\/sviluppo.ibsaderma.swiss\/de\/#website"},"primaryImageOfPage":{"@id":"https:\/\/sviluppo.ibsaderma.swiss\/de\/hautbedurfnisse\/makeup\/#primaryimage"},"image":{"@id":"https:\/\/sviluppo.ibsaderma.swiss\/de\/hautbedurfnisse\/makeup\/#primaryimage"},"thumbnailUrl":"https:\/\/sviluppo.ibsaderma.swiss\/wp-content\/uploads\/2024\/07\/Make-up.jpg","datePublished":"2020-03-15T16:46:20+00:00","dateModified":"2026-03-20T14:48:37+00:00","breadcrumb":{"@id":"https:\/\/sviluppo.ibsaderma.swiss\/de\/hautbedurfnisse\/makeup\/#breadcrumb"},"inLanguage":"de","potentialAction":[{"@type":"ReadAction","target":["https:\/\/sviluppo.ibsaderma.swiss\/de\/hautbedurfnisse\/makeup\/"]}]},{"@type":"ImageObject","inLanguage":"de","@id":"https:\/\/sviluppo.ibsaderma.swiss\/de\/hautbedurfnisse\/makeup\/#primaryimage","url":"https:\/\/sviluppo.ibsaderma.swiss\/wp-content\/uploads\/2024\/07\/Make-up.jpg","contentUrl":"https:\/\/sviluppo.ibsaderma.swiss\/wp-content\/uploads\/2024\/07\/Make-up.jpg","width":1920,"height":1080},{"@type":"BreadcrumbList","@id":"https:\/\/sviluppo.ibsaderma.swiss\/de\/hautbedurfnisse\/makeup\/#breadcrumb","itemListElement":[{"@type":"ListItem","position":1,"name":"Home","item":"https:\/\/sviluppo.ibsaderma.swiss\/de\/"},{"@type":"ListItem","position":2,"name":"Hautbed\u00fcrfnisse","item":"https:\/\/sviluppo.ibsaderma.swiss\/de\/hautbedurfnisse\/"},{"@type":"ListItem","position":3,"name":"Make-up"}]},{"@type":"WebSite","@id":"https:\/\/sviluppo.ibsaderma.swiss\/de\/#website","url":"https:\/\/sviluppo.ibsaderma.swiss\/de\/","name":"IBSA Derma","description":"","publisher":{"@id":"https:\/\/sviluppo.ibsaderma.swiss\/de\/#organization"},"potentialAction":[{"@type":"SearchAction","target":{"@type":"EntryPoint","urlTemplate":"https:\/\/sviluppo.ibsaderma.swiss\/de\/?s={search_term_string}"},"query-input":{"@type":"PropertyValueSpecification","valueRequired":true,"valueName":"search_term_string"}}],"inLanguage":"de"},{"@type":"Organization","@id":"https:\/\/sviluppo.ibsaderma.swiss\/de\/#organization","name":"IBSA DERMA","url":"https:\/\/sviluppo.ibsaderma.swiss\/de\/","logo":{"@type":"ImageObject","inLanguage":"de","@id":"https:\/\/sviluppo.ibsaderma.swiss\/de\/#\/schema\/logo\/image\/","url":"https:\/\/sviluppo.ibsaderma.swiss\/wp-content\/uploads\/2020\/04\/logo-ibsaderma.png","contentUrl":"https:\/\/sviluppo.ibsaderma.swiss\/wp-content\/uploads\/2020\/04\/logo-ibsaderma.png","width":290,"height":75,"caption":"IBSA DERMA"},"image":{"@id":"https:\/\/sviluppo.ibsaderma.swiss\/de\/#\/schema\/logo\/image\/"},"sameAs":["https:\/\/www.facebook.com\/ibsaderma\/","https:\/\/www.instagram.com\/ibsa_derma_italia\/"]}]}},"_links":{"self":[{"href":"https:\/\/sviluppo.ibsaderma.swiss\/de\/wp-json\/wp\/v2\/pages\/6118","targetHints":{"allow":["GET"]}}],"collection":[{"href":"https:\/\/sviluppo.ibsaderma.swiss\/de\/wp-json\/wp\/v2\/pages"}],"about":[{"href":"https:\/\/sviluppo.ibsaderma.swiss\/de\/wp-json\/wp\/v2\/types\/page"}],"author":[{"embeddable":true,"href":"https:\/\/sviluppo.ibsaderma.swiss\/de\/wp-json\/wp\/v2\/users\/47"}],"replies":[{"embeddable":true,"href":"https:\/\/sviluppo.ibsaderma.swiss\/de\/wp-json\/wp\/v2\/comments?post=6118"}],"version-history":[{"count":5,"href":"https:\/\/sviluppo.ibsaderma.swiss\/de\/wp-json\/wp\/v2\/pages\/6118\/revisions"}],"predecessor-version":[{"id":6742,"href":"https:\/\/sviluppo.ibsaderma.swiss\/de\/wp-json\/wp\/v2\/pages\/6118\/revisions\/6742"}],"up":[{"embeddable":true,"href":"https:\/\/sviluppo.ibsaderma.swiss\/de\/wp-json\/wp\/v2\/pages\/6105"}],"wp:featuredmedia":[{"embeddable":true,"href":"https:\/\/sviluppo.ibsaderma.swiss\/de\/wp-json\/wp\/v2\/media\/5595"}],"wp:attachment":[{"href":"https:\/\/sviluppo.ibsaderma.swiss\/de\/wp-json\/wp\/v2\/media?parent=6118"}],"curies":[{"name":"wp","href":"https:\/\/api.w.org\/{rel}","templated":true}]}}