{"id":6658,"date":"2026-03-20T10:49:40","date_gmt":"2026-03-20T09:49:40","guid":{"rendered":"https:\/\/sviluppo.ibsaderma.swiss\/korper\/gambe\/"},"modified":"2026-03-20T10:52:19","modified_gmt":"2026-03-20T09:52:19","slug":"beine","status":"publish","type":"page","link":"https:\/\/sviluppo.ibsaderma.swiss\/de\/korper\/beine\/","title":{"rendered":"Beine"},"content":{"rendered":"\n<p>Im Laufe der Zeit kommt es an den Beinen, wie auch am \u00fcbrigen K\u00f6rper, zu einer Abnahme von Kollagen und Elastin, was zu einem Verlust an Spannkraft und Elastizit\u00e4t der Haut f\u00fchrt.<\/p>\n","protected":false},"excerpt":{"rendered":"<p>Im Laufe der Zeit kommt es an den Beinen, wie auch am \u00fcbrigen K\u00f6rper, zu einer Abnahme von Kollagen und Elastin, was zu einem Verlust an Spannkraft und Elastizit\u00e4t der Haut f\u00fchrt.<\/p>\n","protected":false},"author":47,"featured_media":4571,"parent":6055,"menu_order":0,"comment_status":"closed","ping_status":"closed","template":"template-treatments-areas-parent.php","meta":{"_acf_changed":false,"footnotes":""},"class_list":["post-6658","page","type-page","status-publish","has-post-thumbnail","hentry"],"acf":[],"yoast_head":"<!-- This site is optimized with the Yoast SEO plugin v25.4 - https:\/\/yoast.com\/wordpress\/plugins\/seo\/ -->\n<title>Beine | IBSA Derma<\/title>\n<meta name=\"robots\" content=\"noindex, follow, max-snippet:-1, max-image-preview:large, max-video-preview:-1\" \/>\n<meta property=\"og:locale\" content=\"de_DE\" \/>\n<meta property=\"og:type\" content=\"article\" \/>\n<meta property=\"og:title\" content=\"Beine | IBSA Derma\" \/>\n<meta property=\"og:description\" content=\"Im Laufe der Zeit kommt es an den Beinen, wie auch am \u00fcbrigen K\u00f6rper, zu einer Abnahme von Kollagen und Elastin, was zu einem Verlust an Spannkraft und Elastizit\u00e4t der Haut f\u00fchrt.\" \/>\n<meta property=\"og:url\" content=\"https:\/\/sviluppo.ibsaderma.swiss\/de\/korper\/beine\/\" \/>\n<meta property=\"og:site_name\" content=\"IBSA Derma\" \/>\n<meta property=\"article:publisher\" content=\"https:\/\/www.facebook.com\/ibsaderma\/\" \/>\n<meta property=\"article:modified_time\" content=\"2026-03-20T09:52:19+00:00\" \/>\n<meta property=\"og:image\" content=\"https:\/\/sviluppo.ibsaderma.swiss\/wp-content\/uploads\/2020\/05\/skin_area_corpo_new.jpg\" \/>\n\t<meta property=\"og:image:width\" content=\"1920\" \/>\n\t<meta property=\"og:image:height\" content=\"1080\" \/>\n\t<meta property=\"og:image:type\" content=\"image\/jpeg\" \/>\n<meta name=\"twitter:card\" content=\"summary_large_image\" \/>\n<meta name=\"twitter:label1\" content=\"Gesch\u00e4tzte Lesezeit\" \/>\n\t<meta name=\"twitter:data1\" content=\"1\u00a0Minute\" \/>\n<script type=\"application\/ld+json\" class=\"yoast-schema-graph\">{\"@context\":\"https:\/\/schema.org\",\"@graph\":[{\"@type\":\"WebPage\",\"@id\":\"https:\/\/sviluppo.ibsaderma.swiss\/de\/korper\/beine\/\",\"url\":\"https:\/\/sviluppo.ibsaderma.swiss\/de\/korper\/beine\/\",\"name\":\"Beine | IBSA Derma\",\"isPartOf\":{\"@id\":\"https:\/\/sviluppo.ibsaderma.swiss\/de\/#website\"},\"primaryImageOfPage\":{\"@id\":\"https:\/\/sviluppo.ibsaderma.swiss\/de\/korper\/beine\/#primaryimage\"},\"image\":{\"@id\":\"https:\/\/sviluppo.ibsaderma.swiss\/de\/korper\/beine\/#primaryimage\"},\"thumbnailUrl\":\"https:\/\/sviluppo.ibsaderma.swiss\/wp-content\/uploads\/2020\/05\/skin_area_corpo_new.jpg\",\"datePublished\":\"2026-03-20T09:49:40+00:00\",\"dateModified\":\"2026-03-20T09:52:19+00:00\",\"breadcrumb\":{\"@id\":\"https:\/\/sviluppo.ibsaderma.swiss\/de\/korper\/beine\/#breadcrumb\"},\"inLanguage\":\"de\",\"potentialAction\":[{\"@type\":\"ReadAction\",\"target\":[\"https:\/\/sviluppo.ibsaderma.swiss\/de\/korper\/beine\/\"]}]},{\"@type\":\"ImageObject\",\"inLanguage\":\"de\",\"@id\":\"https:\/\/sviluppo.ibsaderma.swiss\/de\/korper\/beine\/#primaryimage\",\"url\":\"https:\/\/sviluppo.ibsaderma.swiss\/wp-content\/uploads\/2020\/05\/skin_area_corpo_new.jpg\",\"contentUrl\":\"https:\/\/sviluppo.ibsaderma.swiss\/wp-content\/uploads\/2020\/05\/skin_area_corpo_new.jpg\",\"width\":1920,\"height\":1080},{\"@type\":\"BreadcrumbList\",\"@id\":\"https:\/\/sviluppo.ibsaderma.swiss\/de\/korper\/beine\/#breadcrumb\",\"itemListElement\":[{\"@type\":\"ListItem\",\"position\":1,\"name\":\"Home\",\"item\":\"https:\/\/sviluppo.ibsaderma.swiss\/de\/\"},{\"@type\":\"ListItem\",\"position\":2,\"name\":\"K\u00f6rper\",\"item\":\"https:\/\/sviluppo.ibsaderma.swiss\/de\/korper\/\"},{\"@type\":\"ListItem\",\"position\":3,\"name\":\"Beine\"}]},{\"@type\":\"WebSite\",\"@id\":\"https:\/\/sviluppo.ibsaderma.swiss\/de\/#website\",\"url\":\"https:\/\/sviluppo.ibsaderma.swiss\/de\/\",\"name\":\"IBSA Derma\",\"description\":\"\",\"publisher\":{\"@id\":\"https:\/\/sviluppo.ibsaderma.swiss\/de\/#organization\"},\"potentialAction\":[{\"@type\":\"SearchAction\",\"target\":{\"@type\":\"EntryPoint\",\"urlTemplate\":\"https:\/\/sviluppo.ibsaderma.swiss\/de\/?s={search_term_string}\"},\"query-input\":{\"@type\":\"PropertyValueSpecification\",\"valueRequired\":true,\"valueName\":\"search_term_string\"}}],\"inLanguage\":\"de\"},{\"@type\":\"Organization\",\"@id\":\"https:\/\/sviluppo.ibsaderma.swiss\/de\/#organization\",\"name\":\"IBSA DERMA\",\"url\":\"https:\/\/sviluppo.ibsaderma.swiss\/de\/\",\"logo\":{\"@type\":\"ImageObject\",\"inLanguage\":\"de\",\"@id\":\"https:\/\/sviluppo.ibsaderma.swiss\/de\/#\/schema\/logo\/image\/\",\"url\":\"https:\/\/sviluppo.ibsaderma.swiss\/wp-content\/uploads\/2020\/04\/logo-ibsaderma.png\",\"contentUrl\":\"https:\/\/sviluppo.ibsaderma.swiss\/wp-content\/uploads\/2020\/04\/logo-ibsaderma.png\",\"width\":290,\"height\":75,\"caption\":\"IBSA DERMA\"},\"image\":{\"@id\":\"https:\/\/sviluppo.ibsaderma.swiss\/de\/#\/schema\/logo\/image\/\"},\"sameAs\":[\"https:\/\/www.facebook.com\/ibsaderma\/\",\"https:\/\/www.instagram.com\/ibsa_derma_italia\/\"]}]}<\/script>\n<!-- \/ Yoast SEO plugin. -->","yoast_head_json":{"title":"Beine | IBSA Derma","robots":{"index":"noindex","follow":"follow","max-snippet":"max-snippet:-1","max-image-preview":"max-image-preview:large","max-video-preview":"max-video-preview:-1"},"og_locale":"de_DE","og_type":"article","og_title":"Beine | IBSA Derma","og_description":"Im Laufe der Zeit kommt es an den Beinen, wie auch am \u00fcbrigen K\u00f6rper, zu einer Abnahme von Kollagen und Elastin, was zu einem Verlust an Spannkraft und Elastizit\u00e4t der Haut f\u00fchrt.","og_url":"https:\/\/sviluppo.ibsaderma.swiss\/de\/korper\/beine\/","og_site_name":"IBSA Derma","article_publisher":"https:\/\/www.facebook.com\/ibsaderma\/","article_modified_time":"2026-03-20T09:52:19+00:00","og_image":[{"width":1920,"height":1080,"url":"https:\/\/sviluppo.ibsaderma.swiss\/wp-content\/uploads\/2020\/05\/skin_area_corpo_new.jpg","type":"image\/jpeg"}],"twitter_card":"summary_large_image","twitter_misc":{"Gesch\u00e4tzte Lesezeit":"1\u00a0Minute"},"schema":{"@context":"https:\/\/schema.org","@graph":[{"@type":"WebPage","@id":"https:\/\/sviluppo.ibsaderma.swiss\/de\/korper\/beine\/","url":"https:\/\/sviluppo.ibsaderma.swiss\/de\/korper\/beine\/","name":"Beine | IBSA Derma","isPartOf":{"@id":"https:\/\/sviluppo.ibsaderma.swiss\/de\/#website"},"primaryImageOfPage":{"@id":"https:\/\/sviluppo.ibsaderma.swiss\/de\/korper\/beine\/#primaryimage"},"image":{"@id":"https:\/\/sviluppo.ibsaderma.swiss\/de\/korper\/beine\/#primaryimage"},"thumbnailUrl":"https:\/\/sviluppo.ibsaderma.swiss\/wp-content\/uploads\/2020\/05\/skin_area_corpo_new.jpg","datePublished":"2026-03-20T09:49:40+00:00","dateModified":"2026-03-20T09:52:19+00:00","breadcrumb":{"@id":"https:\/\/sviluppo.ibsaderma.swiss\/de\/korper\/beine\/#breadcrumb"},"inLanguage":"de","potentialAction":[{"@type":"ReadAction","target":["https:\/\/sviluppo.ibsaderma.swiss\/de\/korper\/beine\/"]}]},{"@type":"ImageObject","inLanguage":"de","@id":"https:\/\/sviluppo.ibsaderma.swiss\/de\/korper\/beine\/#primaryimage","url":"https:\/\/sviluppo.ibsaderma.swiss\/wp-content\/uploads\/2020\/05\/skin_area_corpo_new.jpg","contentUrl":"https:\/\/sviluppo.ibsaderma.swiss\/wp-content\/uploads\/2020\/05\/skin_area_corpo_new.jpg","width":1920,"height":1080},{"@type":"BreadcrumbList","@id":"https:\/\/sviluppo.ibsaderma.swiss\/de\/korper\/beine\/#breadcrumb","itemListElement":[{"@type":"ListItem","position":1,"name":"Home","item":"https:\/\/sviluppo.ibsaderma.swiss\/de\/"},{"@type":"ListItem","position":2,"name":"K\u00f6rper","item":"https:\/\/sviluppo.ibsaderma.swiss\/de\/korper\/"},{"@type":"ListItem","position":3,"name":"Beine"}]},{"@type":"WebSite","@id":"https:\/\/sviluppo.ibsaderma.swiss\/de\/#website","url":"https:\/\/sviluppo.ibsaderma.swiss\/de\/","name":"IBSA Derma","description":"","publisher":{"@id":"https:\/\/sviluppo.ibsaderma.swiss\/de\/#organization"},"potentialAction":[{"@type":"SearchAction","target":{"@type":"EntryPoint","urlTemplate":"https:\/\/sviluppo.ibsaderma.swiss\/de\/?s={search_term_string}"},"query-input":{"@type":"PropertyValueSpecification","valueRequired":true,"valueName":"search_term_string"}}],"inLanguage":"de"},{"@type":"Organization","@id":"https:\/\/sviluppo.ibsaderma.swiss\/de\/#organization","name":"IBSA DERMA","url":"https:\/\/sviluppo.ibsaderma.swiss\/de\/","logo":{"@type":"ImageObject","inLanguage":"de","@id":"https:\/\/sviluppo.ibsaderma.swiss\/de\/#\/schema\/logo\/image\/","url":"https:\/\/sviluppo.ibsaderma.swiss\/wp-content\/uploads\/2020\/04\/logo-ibsaderma.png","contentUrl":"https:\/\/sviluppo.ibsaderma.swiss\/wp-content\/uploads\/2020\/04\/logo-ibsaderma.png","width":290,"height":75,"caption":"IBSA DERMA"},"image":{"@id":"https:\/\/sviluppo.ibsaderma.swiss\/de\/#\/schema\/logo\/image\/"},"sameAs":["https:\/\/www.facebook.com\/ibsaderma\/","https:\/\/www.instagram.com\/ibsa_derma_italia\/"]}]}},"_links":{"self":[{"href":"https:\/\/sviluppo.ibsaderma.swiss\/de\/wp-json\/wp\/v2\/pages\/6658","targetHints":{"allow":["GET"]}}],"collection":[{"href":"https:\/\/sviluppo.ibsaderma.swiss\/de\/wp-json\/wp\/v2\/pages"}],"about":[{"href":"https:\/\/sviluppo.ibsaderma.swiss\/de\/wp-json\/wp\/v2\/types\/page"}],"author":[{"embeddable":true,"href":"https:\/\/sviluppo.ibsaderma.swiss\/de\/wp-json\/wp\/v2\/users\/47"}],"replies":[{"embeddable":true,"href":"https:\/\/sviluppo.ibsaderma.swiss\/de\/wp-json\/wp\/v2\/comments?post=6658"}],"version-history":[{"count":1,"href":"https:\/\/sviluppo.ibsaderma.swiss\/de\/wp-json\/wp\/v2\/pages\/6658\/revisions"}],"predecessor-version":[{"id":6661,"href":"https:\/\/sviluppo.ibsaderma.swiss\/de\/wp-json\/wp\/v2\/pages\/6658\/revisions\/6661"}],"up":[{"embeddable":true,"href":"https:\/\/sviluppo.ibsaderma.swiss\/de\/wp-json\/wp\/v2\/pages\/6055"}],"wp:featuredmedia":[{"embeddable":true,"href":"https:\/\/sviluppo.ibsaderma.swiss\/de\/wp-json\/wp\/v2\/media\/4571"}],"wp:attachment":[{"href":"https:\/\/sviluppo.ibsaderma.swiss\/de\/wp-json\/wp\/v2\/media?parent=6658"}],"curies":[{"name":"wp","href":"https:\/\/api.w.org\/{rel}","templated":true}]}}