{"id":6017,"date":"2022-03-23T16:25:14","date_gmt":"2022-03-23T15:25:14","guid":{"rendered":"https:\/\/sviluppo.ibsaderma.swiss\/chi-siamo\/"},"modified":"2026-03-26T21:25:43","modified_gmt":"2026-03-26T20:25:43","slug":"qui-sommes-nous","status":"publish","type":"page","link":"https:\/\/sviluppo.ibsaderma.swiss\/fr\/qui-sommes-nous\/","title":{"rendered":"Qui sommes-nous"},"content":{"rendered":"\n<p class=\"has-text-align-center\"><strong><strong>IBSA Derma<\/strong> <\/strong>promeut une approche de la m\u00e9decine esth\u00e9tique visant \u00e0 pr\u00e9server, prot\u00e9ger et c\u00e9l\u00e9brer la beaut\u00e9 naturelle du visage et du corps.<\/p>\n","protected":false},"excerpt":{"rendered":"<p>IBSA Derma promeut une approche de la m\u00e9decine esth\u00e9tique visant \u00e0 pr\u00e9server, prot\u00e9ger et c\u00e9l\u00e9brer la beaut\u00e9 naturelle du visage et du corps.<\/p>\n","protected":false},"author":47,"featured_media":5518,"parent":0,"menu_order":0,"comment_status":"closed","ping_status":"closed","template":"template-chi-siamo.php","meta":{"_acf_changed":false,"footnotes":""},"class_list":["post-6017","page","type-page","status-publish","has-post-thumbnail","hentry"],"acf":[],"yoast_head":"<!-- This site is optimized with the Yoast SEO plugin v25.4 - https:\/\/yoast.com\/wordpress\/plugins\/seo\/ -->\n<title>Qui sommes-nous | IBSA Derma<\/title>\n<meta name=\"robots\" content=\"noindex, follow, max-snippet:-1, max-image-preview:large, max-video-preview:-1\" \/>\n<meta property=\"og:locale\" content=\"fr_FR\" \/>\n<meta property=\"og:type\" content=\"article\" \/>\n<meta property=\"og:title\" content=\"Qui sommes-nous | IBSA Derma\" \/>\n<meta property=\"og:description\" content=\"IBSA Derma promeut une approche de la m\u00e9decine esth\u00e9tique visant \u00e0 pr\u00e9server, prot\u00e9ger et c\u00e9l\u00e9brer la beaut\u00e9 naturelle du visage et du corps.\" \/>\n<meta property=\"og:url\" content=\"https:\/\/sviluppo.ibsaderma.swiss\/fr\/qui-sommes-nous\/\" \/>\n<meta property=\"og:site_name\" content=\"IBSA Derma\" \/>\n<meta property=\"article:publisher\" content=\"https:\/\/www.facebook.com\/ibsaderma\/\" \/>\n<meta property=\"article:modified_time\" content=\"2026-03-26T20:25:43+00:00\" \/>\n<meta property=\"og:image\" content=\"https:\/\/sviluppo.ibsaderma.swiss\/wp-content\/uploads\/2024\/07\/Trio.jpeg\" \/>\n\t<meta property=\"og:image:width\" content=\"2079\" \/>\n\t<meta property=\"og:image:height\" content=\"1386\" \/>\n\t<meta property=\"og:image:type\" content=\"image\/jpeg\" \/>\n<meta name=\"twitter:card\" content=\"summary_large_image\" \/>\n<meta name=\"twitter:label1\" content=\"Dur\u00e9e de lecture estim\u00e9e\" \/>\n\t<meta name=\"twitter:data1\" content=\"1 minute\" \/>\n<script type=\"application\/ld+json\" class=\"yoast-schema-graph\">{\"@context\":\"https:\/\/schema.org\",\"@graph\":[{\"@type\":\"WebPage\",\"@id\":\"https:\/\/sviluppo.ibsaderma.swiss\/fr\/qui-sommes-nous\/\",\"url\":\"https:\/\/sviluppo.ibsaderma.swiss\/fr\/qui-sommes-nous\/\",\"name\":\"Qui sommes-nous | IBSA Derma\",\"isPartOf\":{\"@id\":\"https:\/\/sviluppo.ibsaderma.swiss\/fr\/#website\"},\"primaryImageOfPage\":{\"@id\":\"https:\/\/sviluppo.ibsaderma.swiss\/fr\/qui-sommes-nous\/#primaryimage\"},\"image\":{\"@id\":\"https:\/\/sviluppo.ibsaderma.swiss\/fr\/qui-sommes-nous\/#primaryimage\"},\"thumbnailUrl\":\"https:\/\/sviluppo.ibsaderma.swiss\/wp-content\/uploads\/2024\/07\/Trio.jpeg\",\"datePublished\":\"2022-03-23T15:25:14+00:00\",\"dateModified\":\"2026-03-26T20:25:43+00:00\",\"breadcrumb\":{\"@id\":\"https:\/\/sviluppo.ibsaderma.swiss\/fr\/qui-sommes-nous\/#breadcrumb\"},\"inLanguage\":\"fr-FR\",\"potentialAction\":[{\"@type\":\"ReadAction\",\"target\":[\"https:\/\/sviluppo.ibsaderma.swiss\/fr\/qui-sommes-nous\/\"]}]},{\"@type\":\"ImageObject\",\"inLanguage\":\"fr-FR\",\"@id\":\"https:\/\/sviluppo.ibsaderma.swiss\/fr\/qui-sommes-nous\/#primaryimage\",\"url\":\"https:\/\/sviluppo.ibsaderma.swiss\/wp-content\/uploads\/2024\/07\/Trio.jpeg\",\"contentUrl\":\"https:\/\/sviluppo.ibsaderma.swiss\/wp-content\/uploads\/2024\/07\/Trio.jpeg\",\"width\":2079,\"height\":1386},{\"@type\":\"BreadcrumbList\",\"@id\":\"https:\/\/sviluppo.ibsaderma.swiss\/fr\/qui-sommes-nous\/#breadcrumb\",\"itemListElement\":[{\"@type\":\"ListItem\",\"position\":1,\"name\":\"Home\",\"item\":\"https:\/\/sviluppo.ibsaderma.swiss\/fr\/\"},{\"@type\":\"ListItem\",\"position\":2,\"name\":\"Qui sommes-nous\"}]},{\"@type\":\"WebSite\",\"@id\":\"https:\/\/sviluppo.ibsaderma.swiss\/fr\/#website\",\"url\":\"https:\/\/sviluppo.ibsaderma.swiss\/fr\/\",\"name\":\"IBSA Derma\",\"description\":\"\",\"publisher\":{\"@id\":\"https:\/\/sviluppo.ibsaderma.swiss\/fr\/#organization\"},\"potentialAction\":[{\"@type\":\"SearchAction\",\"target\":{\"@type\":\"EntryPoint\",\"urlTemplate\":\"https:\/\/sviluppo.ibsaderma.swiss\/fr\/?s={search_term_string}\"},\"query-input\":{\"@type\":\"PropertyValueSpecification\",\"valueRequired\":true,\"valueName\":\"search_term_string\"}}],\"inLanguage\":\"fr-FR\"},{\"@type\":\"Organization\",\"@id\":\"https:\/\/sviluppo.ibsaderma.swiss\/fr\/#organization\",\"name\":\"IBSA DERMA\",\"url\":\"https:\/\/sviluppo.ibsaderma.swiss\/fr\/\",\"logo\":{\"@type\":\"ImageObject\",\"inLanguage\":\"fr-FR\",\"@id\":\"https:\/\/sviluppo.ibsaderma.swiss\/fr\/#\/schema\/logo\/image\/\",\"url\":\"https:\/\/sviluppo.ibsaderma.swiss\/wp-content\/uploads\/2020\/04\/logo-ibsaderma.png\",\"contentUrl\":\"https:\/\/sviluppo.ibsaderma.swiss\/wp-content\/uploads\/2020\/04\/logo-ibsaderma.png\",\"width\":290,\"height\":75,\"caption\":\"IBSA DERMA\"},\"image\":{\"@id\":\"https:\/\/sviluppo.ibsaderma.swiss\/fr\/#\/schema\/logo\/image\/\"},\"sameAs\":[\"https:\/\/www.facebook.com\/ibsaderma\/\",\"https:\/\/www.instagram.com\/ibsa_derma_italia\/\"]}]}<\/script>\n<!-- \/ Yoast SEO plugin. -->","yoast_head_json":{"title":"Qui sommes-nous | IBSA Derma","robots":{"index":"noindex","follow":"follow","max-snippet":"max-snippet:-1","max-image-preview":"max-image-preview:large","max-video-preview":"max-video-preview:-1"},"og_locale":"fr_FR","og_type":"article","og_title":"Qui sommes-nous | IBSA Derma","og_description":"IBSA Derma promeut une approche de la m\u00e9decine esth\u00e9tique visant \u00e0 pr\u00e9server, prot\u00e9ger et c\u00e9l\u00e9brer la beaut\u00e9 naturelle du visage et du corps.","og_url":"https:\/\/sviluppo.ibsaderma.swiss\/fr\/qui-sommes-nous\/","og_site_name":"IBSA Derma","article_publisher":"https:\/\/www.facebook.com\/ibsaderma\/","article_modified_time":"2026-03-26T20:25:43+00:00","og_image":[{"width":2079,"height":1386,"url":"https:\/\/sviluppo.ibsaderma.swiss\/wp-content\/uploads\/2024\/07\/Trio.jpeg","type":"image\/jpeg"}],"twitter_card":"summary_large_image","twitter_misc":{"Dur\u00e9e de lecture estim\u00e9e":"1 minute"},"schema":{"@context":"https:\/\/schema.org","@graph":[{"@type":"WebPage","@id":"https:\/\/sviluppo.ibsaderma.swiss\/fr\/qui-sommes-nous\/","url":"https:\/\/sviluppo.ibsaderma.swiss\/fr\/qui-sommes-nous\/","name":"Qui sommes-nous | IBSA Derma","isPartOf":{"@id":"https:\/\/sviluppo.ibsaderma.swiss\/fr\/#website"},"primaryImageOfPage":{"@id":"https:\/\/sviluppo.ibsaderma.swiss\/fr\/qui-sommes-nous\/#primaryimage"},"image":{"@id":"https:\/\/sviluppo.ibsaderma.swiss\/fr\/qui-sommes-nous\/#primaryimage"},"thumbnailUrl":"https:\/\/sviluppo.ibsaderma.swiss\/wp-content\/uploads\/2024\/07\/Trio.jpeg","datePublished":"2022-03-23T15:25:14+00:00","dateModified":"2026-03-26T20:25:43+00:00","breadcrumb":{"@id":"https:\/\/sviluppo.ibsaderma.swiss\/fr\/qui-sommes-nous\/#breadcrumb"},"inLanguage":"fr-FR","potentialAction":[{"@type":"ReadAction","target":["https:\/\/sviluppo.ibsaderma.swiss\/fr\/qui-sommes-nous\/"]}]},{"@type":"ImageObject","inLanguage":"fr-FR","@id":"https:\/\/sviluppo.ibsaderma.swiss\/fr\/qui-sommes-nous\/#primaryimage","url":"https:\/\/sviluppo.ibsaderma.swiss\/wp-content\/uploads\/2024\/07\/Trio.jpeg","contentUrl":"https:\/\/sviluppo.ibsaderma.swiss\/wp-content\/uploads\/2024\/07\/Trio.jpeg","width":2079,"height":1386},{"@type":"BreadcrumbList","@id":"https:\/\/sviluppo.ibsaderma.swiss\/fr\/qui-sommes-nous\/#breadcrumb","itemListElement":[{"@type":"ListItem","position":1,"name":"Home","item":"https:\/\/sviluppo.ibsaderma.swiss\/fr\/"},{"@type":"ListItem","position":2,"name":"Qui sommes-nous"}]},{"@type":"WebSite","@id":"https:\/\/sviluppo.ibsaderma.swiss\/fr\/#website","url":"https:\/\/sviluppo.ibsaderma.swiss\/fr\/","name":"IBSA Derma","description":"","publisher":{"@id":"https:\/\/sviluppo.ibsaderma.swiss\/fr\/#organization"},"potentialAction":[{"@type":"SearchAction","target":{"@type":"EntryPoint","urlTemplate":"https:\/\/sviluppo.ibsaderma.swiss\/fr\/?s={search_term_string}"},"query-input":{"@type":"PropertyValueSpecification","valueRequired":true,"valueName":"search_term_string"}}],"inLanguage":"fr-FR"},{"@type":"Organization","@id":"https:\/\/sviluppo.ibsaderma.swiss\/fr\/#organization","name":"IBSA DERMA","url":"https:\/\/sviluppo.ibsaderma.swiss\/fr\/","logo":{"@type":"ImageObject","inLanguage":"fr-FR","@id":"https:\/\/sviluppo.ibsaderma.swiss\/fr\/#\/schema\/logo\/image\/","url":"https:\/\/sviluppo.ibsaderma.swiss\/wp-content\/uploads\/2020\/04\/logo-ibsaderma.png","contentUrl":"https:\/\/sviluppo.ibsaderma.swiss\/wp-content\/uploads\/2020\/04\/logo-ibsaderma.png","width":290,"height":75,"caption":"IBSA DERMA"},"image":{"@id":"https:\/\/sviluppo.ibsaderma.swiss\/fr\/#\/schema\/logo\/image\/"},"sameAs":["https:\/\/www.facebook.com\/ibsaderma\/","https:\/\/www.instagram.com\/ibsa_derma_italia\/"]}]}},"_links":{"self":[{"href":"https:\/\/sviluppo.ibsaderma.swiss\/fr\/wp-json\/wp\/v2\/pages\/6017","targetHints":{"allow":["GET"]}}],"collection":[{"href":"https:\/\/sviluppo.ibsaderma.swiss\/fr\/wp-json\/wp\/v2\/pages"}],"about":[{"href":"https:\/\/sviluppo.ibsaderma.swiss\/fr\/wp-json\/wp\/v2\/types\/page"}],"author":[{"embeddable":true,"href":"https:\/\/sviluppo.ibsaderma.swiss\/fr\/wp-json\/wp\/v2\/users\/47"}],"replies":[{"embeddable":true,"href":"https:\/\/sviluppo.ibsaderma.swiss\/fr\/wp-json\/wp\/v2\/comments?post=6017"}],"version-history":[{"count":5,"href":"https:\/\/sviluppo.ibsaderma.swiss\/fr\/wp-json\/wp\/v2\/pages\/6017\/revisions"}],"predecessor-version":[{"id":7415,"href":"https:\/\/sviluppo.ibsaderma.swiss\/fr\/wp-json\/wp\/v2\/pages\/6017\/revisions\/7415"}],"wp:featuredmedia":[{"embeddable":true,"href":"https:\/\/sviluppo.ibsaderma.swiss\/fr\/wp-json\/wp\/v2\/media\/5518"}],"wp:attachment":[{"href":"https:\/\/sviluppo.ibsaderma.swiss\/fr\/wp-json\/wp\/v2\/media?parent=6017"}],"curies":[{"name":"wp","href":"https:\/\/api.w.org\/{rel}","templated":true}]}}