{"id":6019,"date":"2022-03-09T09:51:55","date_gmt":"2022-03-09T08:51:55","guid":{"rendered":"https:\/\/sviluppo.ibsaderma.swiss\/clinic-locator\/"},"modified":"2024-12-02T16:32:20","modified_gmt":"2024-12-02T15:32:20","slug":"clinic-locator","status":"publish","type":"page","link":"https:\/\/sviluppo.ibsaderma.swiss\/fr\/clinic-locator\/","title":{"rendered":"Clinic Locator"},"content":{"rendered":"\n<h2 class=\"title -blue text-uppercase titlePage text-center\">LES CLINIQUES DE M\u00c9DECINE ESTH\u00c9TIQUE S\u00c9LECTIONN\u00c9ES POUR VOUS PAR IBSA DERMA<\/h2>\n\n\n\n<p><\/p>\n\n\n\n<style type=\"text\/css\">\n    .asl-p-cont .asl-print-btn,.asl-cont .asl-print-btn {display: none !important;}    @media(max-width:991px){\n        #asl-storelocator.asl-cont .asl-panel {order: 2;}\n    }\n<\/style>\n<section id=\"asl-storelocator\" class=\"asl-cont asl-template-3 asl-layout-0 asl-bg-0  asl-text-1\">\n    <div class=\"asl-wrapper mb-5\">\n        <div class=\"container\">\n                                    <div class=\"row\">\n                <div class=\"col-12\">\n                    <div class=\"sl-main-cont\">\n                        <div class=\"row no-gutters\">\n                            <div id=\"asl-panel\" class=\"asl-panel col-md-5 col-lg-4\">\n                                <div class=\"asl-overlay\" id=\"map-loading\">\n                                  <div class=\"white\"><\/div>\n                                    <div class=\"sl-loading\"><img decoding=\"async\" style=\"margin-right: 10px;\" class=\"sl-loader\" src=\"https:\/\/sviluppo.ibsaderma.swiss\/wp-content\/plugins\/agile-store-locator\/public\/Logo\/loading.gif\">Chargement...<\/div>\n                                <\/div>\n                                <div class=\"asl-filter-sec hide\"><\/div>\n                                <!-- list -->\n                                <div class=\"asl-panel-inner\">\n                                    <div class=\"sl-filter-sec\">\n                                        <div class=\"asl-addr-search\">\n                                            <input value=\"\" id=\"sl-main-search\" type=\"text\" class=\"asl-search-address form-control\" placeholder=\"Entrer un lieu\">\n                                            <span class=\"sl-search-btn\"><i title=\"Localisation actuelle\" class=\"asl-geo icon-direction\"><\/i><\/span>\n                                        <\/div>  \n                                    <\/div>\n                                    <div class=\"asl-filter-tabs media\">\n                                        <div class=\"input-group\">\n                                            <ul class=\"sl-filt-a-list nav nav-pills\" role=\"tablist\"><\/ul>  \n                                            <div class=\"input-group-append\">\n                                                <div class=\"aswth-btn hide\">\n                                                    <span class=\"aswth\">\n                                                        <input type=\"checkbox\" class=\"aswth-input\" id=\"aswth-id\" checked>\n                                                        <label for=\"aswth-id\"><\/label>\n                                                        <div class=\"aswth-text\">\n                                                            <div class=\"contentA\">OUVRIR<\/div>\n                                                            <div class=\"contentB\">ALL<\/div>\n                                                        <\/div>\n                                                    <\/span>\n                                                <\/div>\n                                            <\/div>\n                                        <\/div>\n                                    <\/div>\n                                    <div class=\"sl-main-cont-box\">\n                                        <div class=\"sl-list-wrapper\">\n                                            <ul id=\"p-statelist\" class=\"sl-list\">\n                                            <\/ul>\n                                        <\/div>\n                                    <\/div>\n                                <\/div>\n\n                                <div class=\"directions-cont hide\">\n                                    <div class=\"agile-modal-header\">\n                                        <button type=\"button\" class=\"close\"><span aria-hidden=\"true\">\u00d7<\/span><\/button>\n                                        <h4>Store Direction<\/h4>\n                                    <\/div>\n                                    <div class=\"rendered-directions\" id=\"asl-rendered-dir\" style=\"direction: ltr;\"><\/div>\n                                <\/div>\n                            <\/div>\n                            <div class=\"col-md-7 col-lg-8 asl-map\">\n                                <div class=\"map-image\">\n                                    <div id=\"asl-map-canv\" class=\"asl-map-canv\"><\/div>\n                                    \n                                    <div id=\"agile-modal-direction\" class=\"agile-modal fade\">\n                                        <div class=\"agile-modal-backdrop-in\"><\/div>\n                                        <div class=\"agile-modal-dialog in\">\n                                            <div class=\"agile-modal-content\">\n                                                <div class=\"agile-modal-header\">\n                                                    <button type=\"button\" class=\"close-directions close\" data-dismiss=\"agile-modal\" aria-label=\"Close\"><span aria-hidden=\"true\">&times;<\/span><\/button>\n                                                    <h4>Get Your Directions<\/h4>\n                                                <\/div>\n                                                <div class=\"form-group\">\n                                                    <label for=\"frm-lbl\">De:<\/label>\n                                                    <input type=\"text\" class=\"form-control frm-place\" id=\"frm-lbl\" placeholder=\"Saisissez un lieu\">\n                                                <\/div>\n                                                <div class=\"form-group\">\n                                                    <label for=\"frm-lbl\">\u00c0:<\/label>\n                                                    <input readonly=\"true\" type=\"text\"  class=\"directions-to form-control\" id=\"to-lbl\" placeholder=\"Prepopulated Destination Address\">\n                                                <\/div>\n                                                <div class=\"form-group mb-0\">\n                                                    <span for=\"frm-lbl\">Afficher Distance Dans<\/span>\n                                                    <label class=\"checkbox-inline\">\n                                                        <input type=\"radio\" name=\"dist-type\"  id=\"rbtn-km\" value=\"0\"> KM                                                    <\/label>\n                                                    <label class=\"checkbox-inline\">\n                                                        <input type=\"radio\" name=\"dist-type\" checked id=\"rbtn-mile\" value=\"1\"> Mile                                                    <\/label>\n                                                <\/div>\n                                                <div class=\"form-group mb-0\">\n                                                    <button type=\"submit\" class=\"btn btn-default btn-submit\">OBTENIR DES DIRECTIONS<\/button>\n                                                <\/div>\n                                            <\/div>\n                                        <\/div>\n                                    <\/div>\n\n                                    <div id=\"asl-geolocation-agile-modal\" class=\"agile-modal fade\">\n                                      <div class=\"agile-modal-backdrop-in\"><\/div>\n                                      <div class=\"agile-modal-dialog in\">\n                                        <div class=\"agile-modal-content\">\n                                          <button type=\"button\" class=\"close-directions close\" data-dismiss=\"agile-modal\" aria-label=\"Close\"><span aria-hidden=\"true\">&times;<\/span><\/button>\n                                                                                    <div class=\"form-group\">\n                                            <h4>Utiliser mon emplacement pour trouver le fournisseur de services le plus pr\u00e8s de moi<\/h4>\n                                          <\/div>\n                                          <div class=\"form-group text-center\">\n                                            <button type=\"button\" id=\"asl-btn-geolocation\" class=\"btn btn-block btn-default\">UTILISATION LOCATION<\/button>\n                                          <\/div>\n                                                                                  <\/div>\n                                      <\/div>\n                                    <\/div>\n\n                                    <div id=\"asl-desc-agile-modal\" class=\"agile-modal fade\">\n                                      <div class=\"agile-modal-backdrop-in\"><\/div>\n                                      <div class=\"agile-modal-dialog in\">\n                                        <div class=\"agile-modal-content\">\n                                          <button type=\"button\" class=\"close-directions close\" data-dismiss=\"agile-modal\" aria-label=\"Close\"><span aria-hidden=\"true\">&times;<\/span><\/button>\n                                          <div class=\"row\">\n                                            <div class=\"col-md-12\">\n                                              <h4 class=\"sl-title\"><\/h4>\n                                              <p class=\"sl-desc\"><\/p>\n                                            <\/div>\n                                          <\/div>\n                                        <\/div>\n                                      <\/div>\n                                    <\/div>\n                                <\/div>\n                            <\/div>\n                        <\/div>\n                    <\/div>\n                <\/div>\n            <\/div>\n        <\/div> \n    <\/div>\n<\/section>\n\n\n\n\n<p style=\"font-size:14px\">Remarque informative<\/p>\n\n\n\n<p style=\"font-size:14px\">Le Clinic Locator est un service fourni par IBSA Farmaceutici Italia Srl qui permet \u00e0 l&rsquo;utilisateur de (i) rechercher la clinique la plus proche en fonction de l&#8217;emplacement de l&rsquo;appareil, en saisissant l&rsquo;adresse ou le nom sp\u00e9cifique de la clinique ; (ii) d\u2019obtenir des informations d\u00e9taill\u00e9es pour contacter ou joindre la clinique s\u00e9lectionn\u00e9e.<\/p>\n\n\n\n<p style=\"font-size:14px\">Les noms et coordonn\u00e9es figurant dans le Clinic Locator sont fournis \u00e0 titre d&rsquo;information g\u00e9n\u00e9rale uniquement et ne constituent pas une recommandation de s\u2019adresseraux cliniques propos\u00e9es ou \u00e0 leurs services.<\/p>\n\n\n\n<p style=\"font-size:14px\">En aucun cas, IBSA Farmaceutici Italia Srl ne sera responsable des dommages, directs ou indirects, caus\u00e9s par l&rsquo;utilisation du Clinic Locator ou par l&rsquo;impossibilit\u00e9 dutiliser ce service et son contenu&nbsp;; ainsi que par les relations que l&rsquo;utilisateur peut avoir avec les cliniques pr\u00e9sentes danscelui-ci.<\/p>\n\n\n\n<p style=\"font-size:14px\">IBSA Farmaceutici Italia Srl ne fournit aucune garantie quant \u00e0 l&rsquo;exactitude et l&rsquo;exhaustivit\u00e9 des informations contenues dans le Clinic Locator et se r\u00e9serve le droit de modifier et de mettre \u00e0 jour ces informations sans pr\u00e9avis.<\/p>\n","protected":false},"excerpt":{"rendered":"<p>LES CLINIQUES DE M\u00c9DECINE ESTH\u00c9TIQUE S\u00c9LECTIONN\u00c9ES POUR VOUS PAR IBSA DERMA Remarque informative Le Clinic Locator est un service fourni par IBSA Farmaceutici Italia Srl qui permet \u00e0 l&rsquo;utilisateur de (i) rechercher la clinique la plus proche en fonction de l&#8217;emplacement de l&rsquo;appareil, en saisissant l&rsquo;adresse ou le nom sp\u00e9cifique de la clinique ; (ii) [&hellip;]<\/p>\n","protected":false},"author":47,"featured_media":6027,"parent":0,"menu_order":0,"comment_status":"closed","ping_status":"closed","template":"template-store-locator.php","meta":{"_acf_changed":false,"footnotes":""},"class_list":["post-6019","page","type-page","status-publish","has-post-thumbnail","hentry"],"acf":[],"yoast_head":"<!-- This site is optimized with the Yoast SEO plugin v25.4 - https:\/\/yoast.com\/wordpress\/plugins\/seo\/ -->\n<title>Clinic Locator | IBSA Derma<\/title>\n<meta name=\"robots\" content=\"noindex, follow, max-snippet:-1, max-image-preview:large, max-video-preview:-1\" \/>\n<meta property=\"og:locale\" content=\"fr_FR\" \/>\n<meta property=\"og:type\" content=\"article\" \/>\n<meta property=\"og:title\" content=\"Clinic Locator | IBSA Derma\" \/>\n<meta property=\"og:description\" content=\"LES CLINIQUES DE M\u00c9DECINE ESTH\u00c9TIQUE S\u00c9LECTIONN\u00c9ES POUR VOUS PAR IBSA DERMA Remarque informative Le Clinic Locator est un service fourni par IBSA Farmaceutici Italia Srl qui permet \u00e0 l&rsquo;utilisateur de (i) rechercher la clinique la plus proche en fonction de l&#8217;emplacement de l&rsquo;appareil, en saisissant l&rsquo;adresse ou le nom sp\u00e9cifique de la clinique ; (ii) [&hellip;]\" \/>\n<meta property=\"og:url\" content=\"https:\/\/sviluppo.ibsaderma.swiss\/fr\/clinic-locator\/\" \/>\n<meta property=\"og:site_name\" content=\"IBSA Derma\" \/>\n<meta property=\"article:publisher\" content=\"https:\/\/www.facebook.com\/ibsaderma\/\" \/>\n<meta property=\"article:modified_time\" content=\"2024-12-02T15:32:20+00:00\" \/>\n<meta property=\"og:image\" content=\"https:\/\/sviluppo.ibsaderma.swiss\/wp-content\/uploads\/2024\/12\/image002-francese.jpg\" \/>\n\t<meta property=\"og:image:width\" content=\"1921\" \/>\n\t<meta property=\"og:image:height\" content=\"494\" \/>\n\t<meta property=\"og:image:type\" content=\"image\/jpeg\" \/>\n<meta name=\"twitter:card\" content=\"summary_large_image\" \/>\n<meta name=\"twitter:label1\" content=\"Dur\u00e9e de lecture estim\u00e9e\" \/>\n\t<meta name=\"twitter:data1\" content=\"1 minute\" \/>\n<script type=\"application\/ld+json\" class=\"yoast-schema-graph\">{\"@context\":\"https:\/\/schema.org\",\"@graph\":[{\"@type\":\"WebPage\",\"@id\":\"https:\/\/sviluppo.ibsaderma.swiss\/fr\/clinic-locator\/\",\"url\":\"https:\/\/sviluppo.ibsaderma.swiss\/fr\/clinic-locator\/\",\"name\":\"Clinic Locator | IBSA Derma\",\"isPartOf\":{\"@id\":\"https:\/\/sviluppo.ibsaderma.swiss\/fr\/#website\"},\"primaryImageOfPage\":{\"@id\":\"https:\/\/sviluppo.ibsaderma.swiss\/fr\/clinic-locator\/#primaryimage\"},\"image\":{\"@id\":\"https:\/\/sviluppo.ibsaderma.swiss\/fr\/clinic-locator\/#primaryimage\"},\"thumbnailUrl\":\"https:\/\/sviluppo.ibsaderma.swiss\/wp-content\/uploads\/2024\/12\/image002-francese.jpg\",\"datePublished\":\"2022-03-09T08:51:55+00:00\",\"dateModified\":\"2024-12-02T15:32:20+00:00\",\"breadcrumb\":{\"@id\":\"https:\/\/sviluppo.ibsaderma.swiss\/fr\/clinic-locator\/#breadcrumb\"},\"inLanguage\":\"fr-FR\",\"potentialAction\":[{\"@type\":\"ReadAction\",\"target\":[\"https:\/\/sviluppo.ibsaderma.swiss\/fr\/clinic-locator\/\"]}]},{\"@type\":\"ImageObject\",\"inLanguage\":\"fr-FR\",\"@id\":\"https:\/\/sviluppo.ibsaderma.swiss\/fr\/clinic-locator\/#primaryimage\",\"url\":\"https:\/\/sviluppo.ibsaderma.swiss\/wp-content\/uploads\/2024\/12\/image002-francese.jpg\",\"contentUrl\":\"https:\/\/sviluppo.ibsaderma.swiss\/wp-content\/uploads\/2024\/12\/image002-francese.jpg\",\"width\":1921,\"height\":494},{\"@type\":\"BreadcrumbList\",\"@id\":\"https:\/\/sviluppo.ibsaderma.swiss\/fr\/clinic-locator\/#breadcrumb\",\"itemListElement\":[{\"@type\":\"ListItem\",\"position\":1,\"name\":\"Home\",\"item\":\"https:\/\/sviluppo.ibsaderma.swiss\/fr\/\"},{\"@type\":\"ListItem\",\"position\":2,\"name\":\"Clinic Locator\"}]},{\"@type\":\"WebSite\",\"@id\":\"https:\/\/sviluppo.ibsaderma.swiss\/fr\/#website\",\"url\":\"https:\/\/sviluppo.ibsaderma.swiss\/fr\/\",\"name\":\"IBSA Derma\",\"description\":\"\",\"publisher\":{\"@id\":\"https:\/\/sviluppo.ibsaderma.swiss\/fr\/#organization\"},\"potentialAction\":[{\"@type\":\"SearchAction\",\"target\":{\"@type\":\"EntryPoint\",\"urlTemplate\":\"https:\/\/sviluppo.ibsaderma.swiss\/fr\/?s={search_term_string}\"},\"query-input\":{\"@type\":\"PropertyValueSpecification\",\"valueRequired\":true,\"valueName\":\"search_term_string\"}}],\"inLanguage\":\"fr-FR\"},{\"@type\":\"Organization\",\"@id\":\"https:\/\/sviluppo.ibsaderma.swiss\/fr\/#organization\",\"name\":\"IBSA DERMA\",\"url\":\"https:\/\/sviluppo.ibsaderma.swiss\/fr\/\",\"logo\":{\"@type\":\"ImageObject\",\"inLanguage\":\"fr-FR\",\"@id\":\"https:\/\/sviluppo.ibsaderma.swiss\/fr\/#\/schema\/logo\/image\/\",\"url\":\"https:\/\/sviluppo.ibsaderma.swiss\/wp-content\/uploads\/2020\/04\/logo-ibsaderma.png\",\"contentUrl\":\"https:\/\/sviluppo.ibsaderma.swiss\/wp-content\/uploads\/2020\/04\/logo-ibsaderma.png\",\"width\":290,\"height\":75,\"caption\":\"IBSA DERMA\"},\"image\":{\"@id\":\"https:\/\/sviluppo.ibsaderma.swiss\/fr\/#\/schema\/logo\/image\/\"},\"sameAs\":[\"https:\/\/www.facebook.com\/ibsaderma\/\",\"https:\/\/www.instagram.com\/ibsa_derma_italia\/\"]}]}<\/script>\n<!-- \/ Yoast SEO plugin. -->","yoast_head_json":{"title":"Clinic Locator | IBSA Derma","robots":{"index":"noindex","follow":"follow","max-snippet":"max-snippet:-1","max-image-preview":"max-image-preview:large","max-video-preview":"max-video-preview:-1"},"og_locale":"fr_FR","og_type":"article","og_title":"Clinic Locator | IBSA Derma","og_description":"LES CLINIQUES DE M\u00c9DECINE ESTH\u00c9TIQUE S\u00c9LECTIONN\u00c9ES POUR VOUS PAR IBSA DERMA Remarque informative Le Clinic Locator est un service fourni par IBSA Farmaceutici Italia Srl qui permet \u00e0 l&rsquo;utilisateur de (i) rechercher la clinique la plus proche en fonction de l&#8217;emplacement de l&rsquo;appareil, en saisissant l&rsquo;adresse ou le nom sp\u00e9cifique de la clinique ; (ii) [&hellip;]","og_url":"https:\/\/sviluppo.ibsaderma.swiss\/fr\/clinic-locator\/","og_site_name":"IBSA Derma","article_publisher":"https:\/\/www.facebook.com\/ibsaderma\/","article_modified_time":"2024-12-02T15:32:20+00:00","og_image":[{"width":1921,"height":494,"url":"https:\/\/sviluppo.ibsaderma.swiss\/wp-content\/uploads\/2024\/12\/image002-francese.jpg","type":"image\/jpeg"}],"twitter_card":"summary_large_image","twitter_misc":{"Dur\u00e9e de lecture estim\u00e9e":"1 minute"},"schema":{"@context":"https:\/\/schema.org","@graph":[{"@type":"WebPage","@id":"https:\/\/sviluppo.ibsaderma.swiss\/fr\/clinic-locator\/","url":"https:\/\/sviluppo.ibsaderma.swiss\/fr\/clinic-locator\/","name":"Clinic Locator | IBSA Derma","isPartOf":{"@id":"https:\/\/sviluppo.ibsaderma.swiss\/fr\/#website"},"primaryImageOfPage":{"@id":"https:\/\/sviluppo.ibsaderma.swiss\/fr\/clinic-locator\/#primaryimage"},"image":{"@id":"https:\/\/sviluppo.ibsaderma.swiss\/fr\/clinic-locator\/#primaryimage"},"thumbnailUrl":"https:\/\/sviluppo.ibsaderma.swiss\/wp-content\/uploads\/2024\/12\/image002-francese.jpg","datePublished":"2022-03-09T08:51:55+00:00","dateModified":"2024-12-02T15:32:20+00:00","breadcrumb":{"@id":"https:\/\/sviluppo.ibsaderma.swiss\/fr\/clinic-locator\/#breadcrumb"},"inLanguage":"fr-FR","potentialAction":[{"@type":"ReadAction","target":["https:\/\/sviluppo.ibsaderma.swiss\/fr\/clinic-locator\/"]}]},{"@type":"ImageObject","inLanguage":"fr-FR","@id":"https:\/\/sviluppo.ibsaderma.swiss\/fr\/clinic-locator\/#primaryimage","url":"https:\/\/sviluppo.ibsaderma.swiss\/wp-content\/uploads\/2024\/12\/image002-francese.jpg","contentUrl":"https:\/\/sviluppo.ibsaderma.swiss\/wp-content\/uploads\/2024\/12\/image002-francese.jpg","width":1921,"height":494},{"@type":"BreadcrumbList","@id":"https:\/\/sviluppo.ibsaderma.swiss\/fr\/clinic-locator\/#breadcrumb","itemListElement":[{"@type":"ListItem","position":1,"name":"Home","item":"https:\/\/sviluppo.ibsaderma.swiss\/fr\/"},{"@type":"ListItem","position":2,"name":"Clinic Locator"}]},{"@type":"WebSite","@id":"https:\/\/sviluppo.ibsaderma.swiss\/fr\/#website","url":"https:\/\/sviluppo.ibsaderma.swiss\/fr\/","name":"IBSA Derma","description":"","publisher":{"@id":"https:\/\/sviluppo.ibsaderma.swiss\/fr\/#organization"},"potentialAction":[{"@type":"SearchAction","target":{"@type":"EntryPoint","urlTemplate":"https:\/\/sviluppo.ibsaderma.swiss\/fr\/?s={search_term_string}"},"query-input":{"@type":"PropertyValueSpecification","valueRequired":true,"valueName":"search_term_string"}}],"inLanguage":"fr-FR"},{"@type":"Organization","@id":"https:\/\/sviluppo.ibsaderma.swiss\/fr\/#organization","name":"IBSA DERMA","url":"https:\/\/sviluppo.ibsaderma.swiss\/fr\/","logo":{"@type":"ImageObject","inLanguage":"fr-FR","@id":"https:\/\/sviluppo.ibsaderma.swiss\/fr\/#\/schema\/logo\/image\/","url":"https:\/\/sviluppo.ibsaderma.swiss\/wp-content\/uploads\/2020\/04\/logo-ibsaderma.png","contentUrl":"https:\/\/sviluppo.ibsaderma.swiss\/wp-content\/uploads\/2020\/04\/logo-ibsaderma.png","width":290,"height":75,"caption":"IBSA DERMA"},"image":{"@id":"https:\/\/sviluppo.ibsaderma.swiss\/fr\/#\/schema\/logo\/image\/"},"sameAs":["https:\/\/www.facebook.com\/ibsaderma\/","https:\/\/www.instagram.com\/ibsa_derma_italia\/"]}]}},"_links":{"self":[{"href":"https:\/\/sviluppo.ibsaderma.swiss\/fr\/wp-json\/wp\/v2\/pages\/6019","targetHints":{"allow":["GET"]}}],"collection":[{"href":"https:\/\/sviluppo.ibsaderma.swiss\/fr\/wp-json\/wp\/v2\/pages"}],"about":[{"href":"https:\/\/sviluppo.ibsaderma.swiss\/fr\/wp-json\/wp\/v2\/types\/page"}],"author":[{"embeddable":true,"href":"https:\/\/sviluppo.ibsaderma.swiss\/fr\/wp-json\/wp\/v2\/users\/47"}],"replies":[{"embeddable":true,"href":"https:\/\/sviluppo.ibsaderma.swiss\/fr\/wp-json\/wp\/v2\/comments?post=6019"}],"version-history":[{"count":1,"href":"https:\/\/sviluppo.ibsaderma.swiss\/fr\/wp-json\/wp\/v2\/pages\/6019\/revisions"}],"predecessor-version":[{"id":6030,"href":"https:\/\/sviluppo.ibsaderma.swiss\/fr\/wp-json\/wp\/v2\/pages\/6019\/revisions\/6030"}],"wp:featuredmedia":[{"embeddable":true,"href":"https:\/\/sviluppo.ibsaderma.swiss\/fr\/wp-json\/wp\/v2\/media\/6027"}],"wp:attachment":[{"href":"https:\/\/sviluppo.ibsaderma.swiss\/fr\/wp-json\/wp\/v2\/media?parent=6019"}],"curies":[{"name":"wp","href":"https:\/\/api.w.org\/{rel}","templated":true}]}}