{"id":6140,"date":"2020-03-15T17:49:42","date_gmt":"2020-03-15T16:49:42","guid":{"rendered":"https:\/\/sviluppo.ibsaderma.swiss\/visage\/occhi\/"},"modified":"2026-03-19T15:11:30","modified_gmt":"2026-03-19T14:11:30","slug":"zone-peri-oculaire","status":"publish","type":"page","link":"https:\/\/sviluppo.ibsaderma.swiss\/fr\/visage-cou\/zone-peri-oculaire\/","title":{"rendered":"Zone p\u00e9ri oculaire"},"content":{"rendered":"\n<p>Maintenir tonicit\u00e9 et fra\u00eecheur du contour des yeux est essentiel. Gr\u00e2ce \u00e0 la puret\u00e9 de l\u2019acide hyaluronique, la beaut\u00e9 retrouve l\u2019\u00e9clat qu\u2019elle m\u00e9rite.<\/p>\n","protected":false},"excerpt":{"rendered":"<p>Maintenir tonicit\u00e9 et fra\u00eecheur du contour des yeux est essentiel. Gr\u00e2ce \u00e0 la puret\u00e9 de l\u2019acide hyaluronique, la beaut\u00e9 retrouve l\u2019\u00e9clat qu\u2019elle m\u00e9rite.<\/p>\n","protected":false},"author":47,"featured_media":5578,"parent":6087,"menu_order":0,"comment_status":"closed","ping_status":"closed","template":"template-treatments-areas-child.php","meta":{"_acf_changed":false,"footnotes":""},"class_list":["post-6140","page","type-page","status-publish","has-post-thumbnail","hentry"],"acf":[],"yoast_head":"<!-- This site is optimized with the Yoast SEO plugin v25.4 - https:\/\/yoast.com\/wordpress\/plugins\/seo\/ -->\n<title>Zone p\u00e9ri oculaire | IBSA Derma<\/title>\n<meta name=\"robots\" content=\"noindex, follow, max-snippet:-1, max-image-preview:large, max-video-preview:-1\" \/>\n<meta property=\"og:locale\" content=\"fr_FR\" \/>\n<meta property=\"og:type\" content=\"article\" \/>\n<meta property=\"og:title\" content=\"L&#039;acido ialuronico per il contorno occhi | IBSA DERMA\" \/>\n<meta property=\"og:description\" content=\"La purezza del nostro acido ialuronico riesce ad illuminare la naturale belezza del vostro controno occhi, contrastando occhiaie, rughe, borse e gonfiori.\" \/>\n<meta property=\"og:url\" content=\"https:\/\/sviluppo.ibsaderma.swiss\/fr\/visage-cou\/zone-peri-oculaire\/\" \/>\n<meta property=\"og:site_name\" content=\"IBSA Derma\" \/>\n<meta property=\"article:publisher\" content=\"https:\/\/www.facebook.com\/ibsaderma\/\" \/>\n<meta property=\"article:modified_time\" content=\"2026-03-19T14:11:30+00:00\" \/>\n<meta name=\"twitter:card\" content=\"summary_large_image\" \/>\n<meta name=\"twitter:title\" content=\"L&#039;acido ialuronico per il contorno occhi | IBSA DERMA\" \/>\n<meta name=\"twitter:description\" content=\"La purezza del nostro acido ialuronico riesce ad illuminare la naturale belezza del vostro controno occhi, contrastando occhiaie, rughe, borse e gonfiori.\" \/>\n<meta name=\"twitter:label1\" content=\"Dur\u00e9e de lecture estim\u00e9e\" \/>\n\t<meta name=\"twitter:data1\" content=\"1 minute\" \/>\n<script type=\"application\/ld+json\" class=\"yoast-schema-graph\">{\"@context\":\"https:\/\/schema.org\",\"@graph\":[{\"@type\":\"WebPage\",\"@id\":\"https:\/\/sviluppo.ibsaderma.swiss\/fr\/visage-cou\/zone-peri-oculaire\/\",\"url\":\"https:\/\/sviluppo.ibsaderma.swiss\/fr\/visage-cou\/zone-peri-oculaire\/\",\"name\":\"Zone p\u00e9ri oculaire | IBSA Derma\",\"isPartOf\":{\"@id\":\"https:\/\/sviluppo.ibsaderma.swiss\/fr\/#website\"},\"primaryImageOfPage\":{\"@id\":\"https:\/\/sviluppo.ibsaderma.swiss\/fr\/visage-cou\/zone-peri-oculaire\/#primaryimage\"},\"image\":{\"@id\":\"https:\/\/sviluppo.ibsaderma.swiss\/fr\/visage-cou\/zone-peri-oculaire\/#primaryimage\"},\"thumbnailUrl\":\"https:\/\/sviluppo.ibsaderma.swiss\/wp-content\/uploads\/2024\/07\/Eyes_1920x1080.jpg\",\"datePublished\":\"2020-03-15T16:49:42+00:00\",\"dateModified\":\"2026-03-19T14:11:30+00:00\",\"breadcrumb\":{\"@id\":\"https:\/\/sviluppo.ibsaderma.swiss\/fr\/visage-cou\/zone-peri-oculaire\/#breadcrumb\"},\"inLanguage\":\"fr-FR\",\"potentialAction\":[{\"@type\":\"ReadAction\",\"target\":[\"https:\/\/sviluppo.ibsaderma.swiss\/fr\/visage-cou\/zone-peri-oculaire\/\"]}]},{\"@type\":\"ImageObject\",\"inLanguage\":\"fr-FR\",\"@id\":\"https:\/\/sviluppo.ibsaderma.swiss\/fr\/visage-cou\/zone-peri-oculaire\/#primaryimage\",\"url\":\"https:\/\/sviluppo.ibsaderma.swiss\/wp-content\/uploads\/2024\/07\/Eyes_1920x1080.jpg\",\"contentUrl\":\"https:\/\/sviluppo.ibsaderma.swiss\/wp-content\/uploads\/2024\/07\/Eyes_1920x1080.jpg\",\"width\":1920,\"height\":1080},{\"@type\":\"BreadcrumbList\",\"@id\":\"https:\/\/sviluppo.ibsaderma.swiss\/fr\/visage-cou\/zone-peri-oculaire\/#breadcrumb\",\"itemListElement\":[{\"@type\":\"ListItem\",\"position\":1,\"name\":\"Home\",\"item\":\"https:\/\/sviluppo.ibsaderma.swiss\/fr\/\"},{\"@type\":\"ListItem\",\"position\":2,\"name\":\"Visage &amp; cou\",\"item\":\"https:\/\/sviluppo.ibsaderma.swiss\/fr\/visage-cou\/\"},{\"@type\":\"ListItem\",\"position\":3,\"name\":\"Zone p\u00e9ri oculaire\"}]},{\"@type\":\"WebSite\",\"@id\":\"https:\/\/sviluppo.ibsaderma.swiss\/fr\/#website\",\"url\":\"https:\/\/sviluppo.ibsaderma.swiss\/fr\/\",\"name\":\"IBSA Derma\",\"description\":\"\",\"publisher\":{\"@id\":\"https:\/\/sviluppo.ibsaderma.swiss\/fr\/#organization\"},\"potentialAction\":[{\"@type\":\"SearchAction\",\"target\":{\"@type\":\"EntryPoint\",\"urlTemplate\":\"https:\/\/sviluppo.ibsaderma.swiss\/fr\/?s={search_term_string}\"},\"query-input\":{\"@type\":\"PropertyValueSpecification\",\"valueRequired\":true,\"valueName\":\"search_term_string\"}}],\"inLanguage\":\"fr-FR\"},{\"@type\":\"Organization\",\"@id\":\"https:\/\/sviluppo.ibsaderma.swiss\/fr\/#organization\",\"name\":\"IBSA DERMA\",\"url\":\"https:\/\/sviluppo.ibsaderma.swiss\/fr\/\",\"logo\":{\"@type\":\"ImageObject\",\"inLanguage\":\"fr-FR\",\"@id\":\"https:\/\/sviluppo.ibsaderma.swiss\/fr\/#\/schema\/logo\/image\/\",\"url\":\"https:\/\/sviluppo.ibsaderma.swiss\/wp-content\/uploads\/2020\/04\/logo-ibsaderma.png\",\"contentUrl\":\"https:\/\/sviluppo.ibsaderma.swiss\/wp-content\/uploads\/2020\/04\/logo-ibsaderma.png\",\"width\":290,\"height\":75,\"caption\":\"IBSA DERMA\"},\"image\":{\"@id\":\"https:\/\/sviluppo.ibsaderma.swiss\/fr\/#\/schema\/logo\/image\/\"},\"sameAs\":[\"https:\/\/www.facebook.com\/ibsaderma\/\",\"https:\/\/www.instagram.com\/ibsa_derma_italia\/\"]}]}<\/script>\n<!-- \/ Yoast SEO plugin. -->","yoast_head_json":{"title":"Zone p\u00e9ri oculaire | IBSA Derma","robots":{"index":"noindex","follow":"follow","max-snippet":"max-snippet:-1","max-image-preview":"max-image-preview:large","max-video-preview":"max-video-preview:-1"},"og_locale":"fr_FR","og_type":"article","og_title":"L'acido ialuronico per il contorno occhi | IBSA DERMA","og_description":"La purezza del nostro acido ialuronico riesce ad illuminare la naturale belezza del vostro controno occhi, contrastando occhiaie, rughe, borse e gonfiori.","og_url":"https:\/\/sviluppo.ibsaderma.swiss\/fr\/visage-cou\/zone-peri-oculaire\/","og_site_name":"IBSA Derma","article_publisher":"https:\/\/www.facebook.com\/ibsaderma\/","article_modified_time":"2026-03-19T14:11:30+00:00","twitter_card":"summary_large_image","twitter_title":"L'acido ialuronico per il contorno occhi | IBSA DERMA","twitter_description":"La purezza del nostro acido ialuronico riesce ad illuminare la naturale belezza del vostro controno occhi, contrastando occhiaie, rughe, borse e gonfiori.","twitter_misc":{"Dur\u00e9e de lecture estim\u00e9e":"1 minute"},"schema":{"@context":"https:\/\/schema.org","@graph":[{"@type":"WebPage","@id":"https:\/\/sviluppo.ibsaderma.swiss\/fr\/visage-cou\/zone-peri-oculaire\/","url":"https:\/\/sviluppo.ibsaderma.swiss\/fr\/visage-cou\/zone-peri-oculaire\/","name":"Zone p\u00e9ri oculaire | IBSA Derma","isPartOf":{"@id":"https:\/\/sviluppo.ibsaderma.swiss\/fr\/#website"},"primaryImageOfPage":{"@id":"https:\/\/sviluppo.ibsaderma.swiss\/fr\/visage-cou\/zone-peri-oculaire\/#primaryimage"},"image":{"@id":"https:\/\/sviluppo.ibsaderma.swiss\/fr\/visage-cou\/zone-peri-oculaire\/#primaryimage"},"thumbnailUrl":"https:\/\/sviluppo.ibsaderma.swiss\/wp-content\/uploads\/2024\/07\/Eyes_1920x1080.jpg","datePublished":"2020-03-15T16:49:42+00:00","dateModified":"2026-03-19T14:11:30+00:00","breadcrumb":{"@id":"https:\/\/sviluppo.ibsaderma.swiss\/fr\/visage-cou\/zone-peri-oculaire\/#breadcrumb"},"inLanguage":"fr-FR","potentialAction":[{"@type":"ReadAction","target":["https:\/\/sviluppo.ibsaderma.swiss\/fr\/visage-cou\/zone-peri-oculaire\/"]}]},{"@type":"ImageObject","inLanguage":"fr-FR","@id":"https:\/\/sviluppo.ibsaderma.swiss\/fr\/visage-cou\/zone-peri-oculaire\/#primaryimage","url":"https:\/\/sviluppo.ibsaderma.swiss\/wp-content\/uploads\/2024\/07\/Eyes_1920x1080.jpg","contentUrl":"https:\/\/sviluppo.ibsaderma.swiss\/wp-content\/uploads\/2024\/07\/Eyes_1920x1080.jpg","width":1920,"height":1080},{"@type":"BreadcrumbList","@id":"https:\/\/sviluppo.ibsaderma.swiss\/fr\/visage-cou\/zone-peri-oculaire\/#breadcrumb","itemListElement":[{"@type":"ListItem","position":1,"name":"Home","item":"https:\/\/sviluppo.ibsaderma.swiss\/fr\/"},{"@type":"ListItem","position":2,"name":"Visage &amp; cou","item":"https:\/\/sviluppo.ibsaderma.swiss\/fr\/visage-cou\/"},{"@type":"ListItem","position":3,"name":"Zone p\u00e9ri oculaire"}]},{"@type":"WebSite","@id":"https:\/\/sviluppo.ibsaderma.swiss\/fr\/#website","url":"https:\/\/sviluppo.ibsaderma.swiss\/fr\/","name":"IBSA Derma","description":"","publisher":{"@id":"https:\/\/sviluppo.ibsaderma.swiss\/fr\/#organization"},"potentialAction":[{"@type":"SearchAction","target":{"@type":"EntryPoint","urlTemplate":"https:\/\/sviluppo.ibsaderma.swiss\/fr\/?s={search_term_string}"},"query-input":{"@type":"PropertyValueSpecification","valueRequired":true,"valueName":"search_term_string"}}],"inLanguage":"fr-FR"},{"@type":"Organization","@id":"https:\/\/sviluppo.ibsaderma.swiss\/fr\/#organization","name":"IBSA DERMA","url":"https:\/\/sviluppo.ibsaderma.swiss\/fr\/","logo":{"@type":"ImageObject","inLanguage":"fr-FR","@id":"https:\/\/sviluppo.ibsaderma.swiss\/fr\/#\/schema\/logo\/image\/","url":"https:\/\/sviluppo.ibsaderma.swiss\/wp-content\/uploads\/2020\/04\/logo-ibsaderma.png","contentUrl":"https:\/\/sviluppo.ibsaderma.swiss\/wp-content\/uploads\/2020\/04\/logo-ibsaderma.png","width":290,"height":75,"caption":"IBSA DERMA"},"image":{"@id":"https:\/\/sviluppo.ibsaderma.swiss\/fr\/#\/schema\/logo\/image\/"},"sameAs":["https:\/\/www.facebook.com\/ibsaderma\/","https:\/\/www.instagram.com\/ibsa_derma_italia\/"]}]}},"_links":{"self":[{"href":"https:\/\/sviluppo.ibsaderma.swiss\/fr\/wp-json\/wp\/v2\/pages\/6140","targetHints":{"allow":["GET"]}}],"collection":[{"href":"https:\/\/sviluppo.ibsaderma.swiss\/fr\/wp-json\/wp\/v2\/pages"}],"about":[{"href":"https:\/\/sviluppo.ibsaderma.swiss\/fr\/wp-json\/wp\/v2\/types\/page"}],"author":[{"embeddable":true,"href":"https:\/\/sviluppo.ibsaderma.swiss\/fr\/wp-json\/wp\/v2\/users\/47"}],"replies":[{"embeddable":true,"href":"https:\/\/sviluppo.ibsaderma.swiss\/fr\/wp-json\/wp\/v2\/comments?post=6140"}],"version-history":[{"count":6,"href":"https:\/\/sviluppo.ibsaderma.swiss\/fr\/wp-json\/wp\/v2\/pages\/6140\/revisions"}],"predecessor-version":[{"id":6637,"href":"https:\/\/sviluppo.ibsaderma.swiss\/fr\/wp-json\/wp\/v2\/pages\/6140\/revisions\/6637"}],"up":[{"embeddable":true,"href":"https:\/\/sviluppo.ibsaderma.swiss\/fr\/wp-json\/wp\/v2\/pages\/6087"}],"wp:featuredmedia":[{"embeddable":true,"href":"https:\/\/sviluppo.ibsaderma.swiss\/fr\/wp-json\/wp\/v2\/media\/5578"}],"wp:attachment":[{"href":"https:\/\/sviluppo.ibsaderma.swiss\/fr\/wp-json\/wp\/v2\/media?parent=6140"}],"curies":[{"name":"wp","href":"https:\/\/api.w.org\/{rel}","templated":true}]}}