{"id":7011,"date":"2026-03-24T08:39:25","date_gmt":"2026-03-24T07:39:25","guid":{"rendered":"https:\/\/sviluppo.ibsaderma.swiss\/imperfect\/"},"modified":"2026-03-27T10:43:34","modified_gmt":"2026-03-27T09:43:34","slug":"imperfect","status":"publish","type":"page","link":"https:\/\/sviluppo.ibsaderma.swiss\/fr\/imperfect\/","title":{"rendered":"I&rsquo;MPERFECT"},"content":{"rendered":"\n<p class=\"has-text-align-center\">Lorsque vous vous regardez dans le miroir, voyez-vous votre caract\u00e8re unique ?<br>Votre beaut\u00e9 qui vous accompagne depuis toujours, au fil du temps, elle aura peut-\u00eatre besoin d\u2019\u00eatre r\u00e9veill\u00e9e pour retrouver son authenticit\u00e9.<br>C\u2019est pourquoi IBSA Derma vous propose un parcours respectueux de votre peau et de vos traits, aidant \u00e0 r\u00e9\u00e9quilibrer et harmoniser la beaut\u00e9 de vos traits.<\/p>\n\n\n<div class=\"wp-block-image\">\n<figure class=\"aligncenter size-large\"><img loading=\"lazy\" decoding=\"async\" width=\"1024\" height=\"763\" src=\"https:\/\/sviluppo.ibsaderma.swiss\/wp-content\/uploads\/2024\/02\/IMPERFECT_0687-1024x763.jpg\" alt=\"\" class=\"wp-image-4334\" srcset=\"https:\/\/sviluppo.ibsaderma.swiss\/wp-content\/uploads\/2024\/02\/IMPERFECT_0687-1024x763.jpg 1024w, https:\/\/sviluppo.ibsaderma.swiss\/wp-content\/uploads\/2024\/02\/IMPERFECT_0687-300x224.jpg 300w, https:\/\/sviluppo.ibsaderma.swiss\/wp-content\/uploads\/2024\/02\/IMPERFECT_0687-768x573.jpg 768w, https:\/\/sviluppo.ibsaderma.swiss\/wp-content\/uploads\/2024\/02\/IMPERFECT_0687-1536x1145.jpg 1536w, https:\/\/sviluppo.ibsaderma.swiss\/wp-content\/uploads\/2024\/02\/IMPERFECT_0687-2048x1527.jpg 2048w\" sizes=\"auto, (max-width: 1024px) 100vw, 1024px\" \/><\/figure><\/div>\n\n\n<p class=\"has-text-align-center\">I\u2019MPERFECT est une perspective de la beaut\u00e9 au fil du temps exprim\u00e9e sur le visage.<\/p>\n","protected":false},"excerpt":{"rendered":"<p>Lorsque vous vous regardez dans le miroir, voyez-vous votre caract\u00e8re unique ?Votre beaut\u00e9 qui vous accompagne depuis toujours, au fil du temps, elle aura peut-\u00eatre besoin d\u2019\u00eatre r\u00e9veill\u00e9e pour retrouver son authenticit\u00e9.C\u2019est pourquoi IBSA Derma vous propose un parcours respectueux de votre peau et de vos traits, aidant \u00e0 r\u00e9\u00e9quilibrer et harmoniser la beaut\u00e9 de [&hellip;]<\/p>\n","protected":false},"author":47,"featured_media":0,"parent":0,"menu_order":0,"comment_status":"closed","ping_status":"closed","template":"template-landingpage-imperfect.php","meta":{"_acf_changed":false,"footnotes":""},"class_list":["post-7011","page","type-page","status-publish","hentry"],"acf":[],"yoast_head":"<!-- This site is optimized with the Yoast SEO plugin v25.4 - https:\/\/yoast.com\/wordpress\/plugins\/seo\/ -->\n<title>I&#039;MPERFECT | IBSA Derma<\/title>\n<meta name=\"robots\" content=\"noindex, follow, max-snippet:-1, max-image-preview:large, max-video-preview:-1\" \/>\n<meta property=\"og:locale\" content=\"fr_FR\" \/>\n<meta property=\"og:type\" content=\"article\" \/>\n<meta property=\"og:title\" content=\"I&#039;MPERFECT | IBSA Derma\" \/>\n<meta property=\"og:description\" content=\"Lorsque vous vous regardez dans le miroir, voyez-vous votre caract\u00e8re unique ?Votre beaut\u00e9 qui vous accompagne depuis toujours, au fil du temps, elle aura peut-\u00eatre besoin d\u2019\u00eatre r\u00e9veill\u00e9e pour retrouver son authenticit\u00e9.C\u2019est pourquoi IBSA Derma vous propose un parcours respectueux de votre peau et de vos traits, aidant \u00e0 r\u00e9\u00e9quilibrer et harmoniser la beaut\u00e9 de [&hellip;]\" \/>\n<meta property=\"og:url\" content=\"https:\/\/sviluppo.ibsaderma.swiss\/fr\/imperfect\/\" \/>\n<meta property=\"og:site_name\" content=\"IBSA Derma\" \/>\n<meta property=\"article:publisher\" content=\"https:\/\/www.facebook.com\/ibsaderma\/\" \/>\n<meta property=\"article:modified_time\" content=\"2026-03-27T09:43:34+00:00\" \/>\n<meta property=\"og:image\" content=\"https:\/\/sviluppo.ibsaderma.swiss\/wp-content\/uploads\/2024\/02\/IMPERFECT_0687.jpg\" \/>\n\t<meta property=\"og:image:width\" content=\"2500\" \/>\n\t<meta property=\"og:image:height\" content=\"1864\" \/>\n\t<meta property=\"og:image:type\" content=\"image\/jpeg\" \/>\n<meta name=\"twitter:card\" content=\"summary_large_image\" \/>\n<meta name=\"twitter:label1\" content=\"Dur\u00e9e de lecture estim\u00e9e\" \/>\n\t<meta name=\"twitter:data1\" content=\"1 minute\" \/>\n<script type=\"application\/ld+json\" class=\"yoast-schema-graph\">{\"@context\":\"https:\/\/schema.org\",\"@graph\":[{\"@type\":\"WebPage\",\"@id\":\"https:\/\/sviluppo.ibsaderma.swiss\/fr\/imperfect\/\",\"url\":\"https:\/\/sviluppo.ibsaderma.swiss\/fr\/imperfect\/\",\"name\":\"I'MPERFECT | IBSA Derma\",\"isPartOf\":{\"@id\":\"https:\/\/sviluppo.ibsaderma.swiss\/fr\/#website\"},\"primaryImageOfPage\":{\"@id\":\"https:\/\/sviluppo.ibsaderma.swiss\/fr\/imperfect\/#primaryimage\"},\"image\":{\"@id\":\"https:\/\/sviluppo.ibsaderma.swiss\/fr\/imperfect\/#primaryimage\"},\"thumbnailUrl\":\"https:\/\/sviluppo.ibsaderma.swiss\/wp-content\/uploads\/2024\/02\/IMPERFECT_0687-1024x763.jpg\",\"datePublished\":\"2026-03-24T07:39:25+00:00\",\"dateModified\":\"2026-03-27T09:43:34+00:00\",\"breadcrumb\":{\"@id\":\"https:\/\/sviluppo.ibsaderma.swiss\/fr\/imperfect\/#breadcrumb\"},\"inLanguage\":\"fr-FR\",\"potentialAction\":[{\"@type\":\"ReadAction\",\"target\":[\"https:\/\/sviluppo.ibsaderma.swiss\/fr\/imperfect\/\"]}]},{\"@type\":\"ImageObject\",\"inLanguage\":\"fr-FR\",\"@id\":\"https:\/\/sviluppo.ibsaderma.swiss\/fr\/imperfect\/#primaryimage\",\"url\":\"https:\/\/sviluppo.ibsaderma.swiss\/wp-content\/uploads\/2024\/02\/IMPERFECT_0687-1024x763.jpg\",\"contentUrl\":\"https:\/\/sviluppo.ibsaderma.swiss\/wp-content\/uploads\/2024\/02\/IMPERFECT_0687-1024x763.jpg\"},{\"@type\":\"BreadcrumbList\",\"@id\":\"https:\/\/sviluppo.ibsaderma.swiss\/fr\/imperfect\/#breadcrumb\",\"itemListElement\":[{\"@type\":\"ListItem\",\"position\":1,\"name\":\"Home\",\"item\":\"https:\/\/sviluppo.ibsaderma.swiss\/fr\/\"},{\"@type\":\"ListItem\",\"position\":2,\"name\":\"I&#8217;MPERFECT\"}]},{\"@type\":\"WebSite\",\"@id\":\"https:\/\/sviluppo.ibsaderma.swiss\/fr\/#website\",\"url\":\"https:\/\/sviluppo.ibsaderma.swiss\/fr\/\",\"name\":\"IBSA Derma\",\"description\":\"\",\"publisher\":{\"@id\":\"https:\/\/sviluppo.ibsaderma.swiss\/fr\/#organization\"},\"potentialAction\":[{\"@type\":\"SearchAction\",\"target\":{\"@type\":\"EntryPoint\",\"urlTemplate\":\"https:\/\/sviluppo.ibsaderma.swiss\/fr\/?s={search_term_string}\"},\"query-input\":{\"@type\":\"PropertyValueSpecification\",\"valueRequired\":true,\"valueName\":\"search_term_string\"}}],\"inLanguage\":\"fr-FR\"},{\"@type\":\"Organization\",\"@id\":\"https:\/\/sviluppo.ibsaderma.swiss\/fr\/#organization\",\"name\":\"IBSA DERMA\",\"url\":\"https:\/\/sviluppo.ibsaderma.swiss\/fr\/\",\"logo\":{\"@type\":\"ImageObject\",\"inLanguage\":\"fr-FR\",\"@id\":\"https:\/\/sviluppo.ibsaderma.swiss\/fr\/#\/schema\/logo\/image\/\",\"url\":\"https:\/\/sviluppo.ibsaderma.swiss\/wp-content\/uploads\/2020\/04\/logo-ibsaderma.png\",\"contentUrl\":\"https:\/\/sviluppo.ibsaderma.swiss\/wp-content\/uploads\/2020\/04\/logo-ibsaderma.png\",\"width\":290,\"height\":75,\"caption\":\"IBSA DERMA\"},\"image\":{\"@id\":\"https:\/\/sviluppo.ibsaderma.swiss\/fr\/#\/schema\/logo\/image\/\"},\"sameAs\":[\"https:\/\/www.facebook.com\/ibsaderma\/\",\"https:\/\/www.instagram.com\/ibsa_derma_italia\/\"]}]}<\/script>\n<!-- \/ Yoast SEO plugin. -->","yoast_head_json":{"title":"I'MPERFECT | IBSA Derma","robots":{"index":"noindex","follow":"follow","max-snippet":"max-snippet:-1","max-image-preview":"max-image-preview:large","max-video-preview":"max-video-preview:-1"},"og_locale":"fr_FR","og_type":"article","og_title":"I'MPERFECT | IBSA Derma","og_description":"Lorsque vous vous regardez dans le miroir, voyez-vous votre caract\u00e8re unique ?Votre beaut\u00e9 qui vous accompagne depuis toujours, au fil du temps, elle aura peut-\u00eatre besoin d\u2019\u00eatre r\u00e9veill\u00e9e pour retrouver son authenticit\u00e9.C\u2019est pourquoi IBSA Derma vous propose un parcours respectueux de votre peau et de vos traits, aidant \u00e0 r\u00e9\u00e9quilibrer et harmoniser la beaut\u00e9 de [&hellip;]","og_url":"https:\/\/sviluppo.ibsaderma.swiss\/fr\/imperfect\/","og_site_name":"IBSA Derma","article_publisher":"https:\/\/www.facebook.com\/ibsaderma\/","article_modified_time":"2026-03-27T09:43:34+00:00","og_image":[{"width":2500,"height":1864,"url":"https:\/\/sviluppo.ibsaderma.swiss\/wp-content\/uploads\/2024\/02\/IMPERFECT_0687.jpg","type":"image\/jpeg"}],"twitter_card":"summary_large_image","twitter_misc":{"Dur\u00e9e de lecture estim\u00e9e":"1 minute"},"schema":{"@context":"https:\/\/schema.org","@graph":[{"@type":"WebPage","@id":"https:\/\/sviluppo.ibsaderma.swiss\/fr\/imperfect\/","url":"https:\/\/sviluppo.ibsaderma.swiss\/fr\/imperfect\/","name":"I'MPERFECT | IBSA Derma","isPartOf":{"@id":"https:\/\/sviluppo.ibsaderma.swiss\/fr\/#website"},"primaryImageOfPage":{"@id":"https:\/\/sviluppo.ibsaderma.swiss\/fr\/imperfect\/#primaryimage"},"image":{"@id":"https:\/\/sviluppo.ibsaderma.swiss\/fr\/imperfect\/#primaryimage"},"thumbnailUrl":"https:\/\/sviluppo.ibsaderma.swiss\/wp-content\/uploads\/2024\/02\/IMPERFECT_0687-1024x763.jpg","datePublished":"2026-03-24T07:39:25+00:00","dateModified":"2026-03-27T09:43:34+00:00","breadcrumb":{"@id":"https:\/\/sviluppo.ibsaderma.swiss\/fr\/imperfect\/#breadcrumb"},"inLanguage":"fr-FR","potentialAction":[{"@type":"ReadAction","target":["https:\/\/sviluppo.ibsaderma.swiss\/fr\/imperfect\/"]}]},{"@type":"ImageObject","inLanguage":"fr-FR","@id":"https:\/\/sviluppo.ibsaderma.swiss\/fr\/imperfect\/#primaryimage","url":"https:\/\/sviluppo.ibsaderma.swiss\/wp-content\/uploads\/2024\/02\/IMPERFECT_0687-1024x763.jpg","contentUrl":"https:\/\/sviluppo.ibsaderma.swiss\/wp-content\/uploads\/2024\/02\/IMPERFECT_0687-1024x763.jpg"},{"@type":"BreadcrumbList","@id":"https:\/\/sviluppo.ibsaderma.swiss\/fr\/imperfect\/#breadcrumb","itemListElement":[{"@type":"ListItem","position":1,"name":"Home","item":"https:\/\/sviluppo.ibsaderma.swiss\/fr\/"},{"@type":"ListItem","position":2,"name":"I&#8217;MPERFECT"}]},{"@type":"WebSite","@id":"https:\/\/sviluppo.ibsaderma.swiss\/fr\/#website","url":"https:\/\/sviluppo.ibsaderma.swiss\/fr\/","name":"IBSA Derma","description":"","publisher":{"@id":"https:\/\/sviluppo.ibsaderma.swiss\/fr\/#organization"},"potentialAction":[{"@type":"SearchAction","target":{"@type":"EntryPoint","urlTemplate":"https:\/\/sviluppo.ibsaderma.swiss\/fr\/?s={search_term_string}"},"query-input":{"@type":"PropertyValueSpecification","valueRequired":true,"valueName":"search_term_string"}}],"inLanguage":"fr-FR"},{"@type":"Organization","@id":"https:\/\/sviluppo.ibsaderma.swiss\/fr\/#organization","name":"IBSA DERMA","url":"https:\/\/sviluppo.ibsaderma.swiss\/fr\/","logo":{"@type":"ImageObject","inLanguage":"fr-FR","@id":"https:\/\/sviluppo.ibsaderma.swiss\/fr\/#\/schema\/logo\/image\/","url":"https:\/\/sviluppo.ibsaderma.swiss\/wp-content\/uploads\/2020\/04\/logo-ibsaderma.png","contentUrl":"https:\/\/sviluppo.ibsaderma.swiss\/wp-content\/uploads\/2020\/04\/logo-ibsaderma.png","width":290,"height":75,"caption":"IBSA DERMA"},"image":{"@id":"https:\/\/sviluppo.ibsaderma.swiss\/fr\/#\/schema\/logo\/image\/"},"sameAs":["https:\/\/www.facebook.com\/ibsaderma\/","https:\/\/www.instagram.com\/ibsa_derma_italia\/"]}]}},"_links":{"self":[{"href":"https:\/\/sviluppo.ibsaderma.swiss\/fr\/wp-json\/wp\/v2\/pages\/7011","targetHints":{"allow":["GET"]}}],"collection":[{"href":"https:\/\/sviluppo.ibsaderma.swiss\/fr\/wp-json\/wp\/v2\/pages"}],"about":[{"href":"https:\/\/sviluppo.ibsaderma.swiss\/fr\/wp-json\/wp\/v2\/types\/page"}],"author":[{"embeddable":true,"href":"https:\/\/sviluppo.ibsaderma.swiss\/fr\/wp-json\/wp\/v2\/users\/47"}],"replies":[{"embeddable":true,"href":"https:\/\/sviluppo.ibsaderma.swiss\/fr\/wp-json\/wp\/v2\/comments?post=7011"}],"version-history":[{"count":2,"href":"https:\/\/sviluppo.ibsaderma.swiss\/fr\/wp-json\/wp\/v2\/pages\/7011\/revisions"}],"predecessor-version":[{"id":7449,"href":"https:\/\/sviluppo.ibsaderma.swiss\/fr\/wp-json\/wp\/v2\/pages\/7011\/revisions\/7449"}],"wp:attachment":[{"href":"https:\/\/sviluppo.ibsaderma.swiss\/fr\/wp-json\/wp\/v2\/media?parent=7011"}],"curies":[{"name":"wp","href":"https:\/\/api.w.org\/{rel}","templated":true}]}}