{"id":7008,"date":"2026-03-24T08:39:25","date_gmt":"2026-03-24T07:39:25","guid":{"rendered":"https:\/\/sviluppo.ibsaderma.swiss\/?page_id=7008"},"modified":"2026-03-24T08:40:45","modified_gmt":"2026-03-24T07:40:45","slug":"imperfect","status":"publish","type":"page","link":"https:\/\/sviluppo.ibsaderma.swiss\/it\/imperfect\/","title":{"rendered":"I&#8217;MPERFECT"},"content":{"rendered":"\n<p class=\"has-text-align-center\">Quando ti guardi allo specchio riconosci la tua unicit\u00e0?<br>La tua bellezza \u00e8 con te da sempre, ma nel tempo potresti doverla risvegliare per riscoprire la sua autenticit\u00e0.<br>IBSA Derma ti offre un percorso per riequilibrare e armonizzare la bellezza dei tuoi tratti, nel rispetto della tua pelle e delle sue caratteristiche.<\/p>\n\n\n<div class=\"wp-block-image\">\n<figure class=\"aligncenter size-large\"><img loading=\"lazy\" decoding=\"async\" width=\"1024\" height=\"763\" src=\"https:\/\/sviluppo.ibsaderma.swiss\/wp-content\/uploads\/2024\/02\/IMPERFECT_0687-1024x763.jpg\" alt=\"\" class=\"wp-image-4334\" srcset=\"https:\/\/sviluppo.ibsaderma.swiss\/wp-content\/uploads\/2024\/02\/IMPERFECT_0687-1024x763.jpg 1024w, https:\/\/sviluppo.ibsaderma.swiss\/wp-content\/uploads\/2024\/02\/IMPERFECT_0687-300x224.jpg 300w, https:\/\/sviluppo.ibsaderma.swiss\/wp-content\/uploads\/2024\/02\/IMPERFECT_0687-768x573.jpg 768w, https:\/\/sviluppo.ibsaderma.swiss\/wp-content\/uploads\/2024\/02\/IMPERFECT_0687-1536x1145.jpg 1536w, https:\/\/sviluppo.ibsaderma.swiss\/wp-content\/uploads\/2024\/02\/IMPERFECT_0687-2048x1527.jpg 2048w\" sizes=\"auto, (max-width: 1024px) 100vw, 1024px\" \/><\/figure><\/div>\n\n\n<p class=\"has-text-align-center\">I\u2019MPERFECT \u00e8 una prospettiva di bellezza nel tempo che si manifesta sul viso.<\/p>\n","protected":false},"excerpt":{"rendered":"<p>Quando ti guardi allo specchio riconosci la tua unicit\u00e0?La tua bellezza \u00e8 con te da sempre, ma nel tempo potresti doverla risvegliare per riscoprire la sua autenticit\u00e0.IBSA Derma ti offre un percorso per riequilibrare e armonizzare la bellezza dei tuoi tratti, nel rispetto della tua pelle e delle sue caratteristiche. I\u2019MPERFECT \u00e8 una prospettiva di [&hellip;]<\/p>\n","protected":false},"author":47,"featured_media":0,"parent":0,"menu_order":0,"comment_status":"closed","ping_status":"closed","template":"template-landingpage-imperfect.php","meta":{"_acf_changed":false,"footnotes":""},"class_list":["post-7008","page","type-page","status-publish","hentry"],"acf":[],"yoast_head":"<!-- This site is optimized with the Yoast SEO plugin v25.4 - https:\/\/yoast.com\/wordpress\/plugins\/seo\/ -->\n<title>I&#039;MPERFECT | IBSA Derma<\/title>\n<meta name=\"robots\" content=\"noindex, follow, max-snippet:-1, max-image-preview:large, max-video-preview:-1\" \/>\n<meta property=\"og:locale\" content=\"it_IT\" \/>\n<meta property=\"og:type\" content=\"article\" \/>\n<meta property=\"og:title\" content=\"I&#039;MPERFECT | IBSA Derma\" \/>\n<meta property=\"og:description\" content=\"Quando ti guardi allo specchio riconosci la tua unicit\u00e0?La tua bellezza \u00e8 con te da sempre, ma nel tempo potresti doverla risvegliare per riscoprire la sua autenticit\u00e0.IBSA Derma ti offre un percorso per riequilibrare e armonizzare la bellezza dei tuoi tratti, nel rispetto della tua pelle e delle sue caratteristiche. I\u2019MPERFECT \u00e8 una prospettiva di [&hellip;]\" \/>\n<meta property=\"og:url\" content=\"https:\/\/sviluppo.ibsaderma.swiss\/it\/imperfect\/\" \/>\n<meta property=\"og:site_name\" content=\"IBSA Derma\" \/>\n<meta property=\"article:publisher\" content=\"https:\/\/www.facebook.com\/ibsaderma\/\" \/>\n<meta property=\"article:modified_time\" content=\"2026-03-24T07:40:45+00:00\" \/>\n<meta property=\"og:image\" content=\"https:\/\/sviluppo.ibsaderma.swiss\/wp-content\/uploads\/2024\/02\/IMPERFECT_0687.jpg\" \/>\n\t<meta property=\"og:image:width\" content=\"2500\" \/>\n\t<meta property=\"og:image:height\" content=\"1864\" \/>\n\t<meta property=\"og:image:type\" content=\"image\/jpeg\" \/>\n<meta name=\"twitter:card\" content=\"summary_large_image\" \/>\n<meta name=\"twitter:label1\" content=\"Tempo di lettura stimato\" \/>\n\t<meta name=\"twitter:data1\" content=\"1 minuto\" \/>\n<script type=\"application\/ld+json\" class=\"yoast-schema-graph\">{\"@context\":\"https:\/\/schema.org\",\"@graph\":[{\"@type\":\"WebPage\",\"@id\":\"https:\/\/sviluppo.ibsaderma.swiss\/it\/imperfect\/\",\"url\":\"https:\/\/sviluppo.ibsaderma.swiss\/it\/imperfect\/\",\"name\":\"I'MPERFECT | IBSA Derma\",\"isPartOf\":{\"@id\":\"https:\/\/sviluppo.ibsaderma.swiss\/it\/#website\"},\"primaryImageOfPage\":{\"@id\":\"https:\/\/sviluppo.ibsaderma.swiss\/it\/imperfect\/#primaryimage\"},\"image\":{\"@id\":\"https:\/\/sviluppo.ibsaderma.swiss\/it\/imperfect\/#primaryimage\"},\"thumbnailUrl\":\"https:\/\/sviluppo.ibsaderma.swiss\/wp-content\/uploads\/2024\/02\/IMPERFECT_0687-1024x763.jpg\",\"datePublished\":\"2026-03-24T07:39:25+00:00\",\"dateModified\":\"2026-03-24T07:40:45+00:00\",\"breadcrumb\":{\"@id\":\"https:\/\/sviluppo.ibsaderma.swiss\/it\/imperfect\/#breadcrumb\"},\"inLanguage\":\"it-IT\",\"potentialAction\":[{\"@type\":\"ReadAction\",\"target\":[\"https:\/\/sviluppo.ibsaderma.swiss\/it\/imperfect\/\"]}]},{\"@type\":\"ImageObject\",\"inLanguage\":\"it-IT\",\"@id\":\"https:\/\/sviluppo.ibsaderma.swiss\/it\/imperfect\/#primaryimage\",\"url\":\"https:\/\/sviluppo.ibsaderma.swiss\/wp-content\/uploads\/2024\/02\/IMPERFECT_0687-1024x763.jpg\",\"contentUrl\":\"https:\/\/sviluppo.ibsaderma.swiss\/wp-content\/uploads\/2024\/02\/IMPERFECT_0687-1024x763.jpg\"},{\"@type\":\"BreadcrumbList\",\"@id\":\"https:\/\/sviluppo.ibsaderma.swiss\/it\/imperfect\/#breadcrumb\",\"itemListElement\":[{\"@type\":\"ListItem\",\"position\":1,\"name\":\"Home\",\"item\":\"https:\/\/sviluppo.ibsaderma.swiss\/it\/\"},{\"@type\":\"ListItem\",\"position\":2,\"name\":\"I&#8217;MPERFECT\"}]},{\"@type\":\"WebSite\",\"@id\":\"https:\/\/sviluppo.ibsaderma.swiss\/it\/#website\",\"url\":\"https:\/\/sviluppo.ibsaderma.swiss\/it\/\",\"name\":\"IBSA Derma\",\"description\":\"\",\"publisher\":{\"@id\":\"https:\/\/sviluppo.ibsaderma.swiss\/it\/#organization\"},\"potentialAction\":[{\"@type\":\"SearchAction\",\"target\":{\"@type\":\"EntryPoint\",\"urlTemplate\":\"https:\/\/sviluppo.ibsaderma.swiss\/it\/?s={search_term_string}\"},\"query-input\":{\"@type\":\"PropertyValueSpecification\",\"valueRequired\":true,\"valueName\":\"search_term_string\"}}],\"inLanguage\":\"it-IT\"},{\"@type\":\"Organization\",\"@id\":\"https:\/\/sviluppo.ibsaderma.swiss\/it\/#organization\",\"name\":\"IBSA DERMA\",\"url\":\"https:\/\/sviluppo.ibsaderma.swiss\/it\/\",\"logo\":{\"@type\":\"ImageObject\",\"inLanguage\":\"it-IT\",\"@id\":\"https:\/\/sviluppo.ibsaderma.swiss\/it\/#\/schema\/logo\/image\/\",\"url\":\"https:\/\/sviluppo.ibsaderma.swiss\/wp-content\/uploads\/2020\/04\/logo-ibsaderma.png\",\"contentUrl\":\"https:\/\/sviluppo.ibsaderma.swiss\/wp-content\/uploads\/2020\/04\/logo-ibsaderma.png\",\"width\":290,\"height\":75,\"caption\":\"IBSA DERMA\"},\"image\":{\"@id\":\"https:\/\/sviluppo.ibsaderma.swiss\/it\/#\/schema\/logo\/image\/\"},\"sameAs\":[\"https:\/\/www.facebook.com\/ibsaderma\/\",\"https:\/\/www.instagram.com\/ibsa_derma_italia\/\"]}]}<\/script>\n<!-- \/ Yoast SEO plugin. -->","yoast_head_json":{"title":"I'MPERFECT | IBSA Derma","robots":{"index":"noindex","follow":"follow","max-snippet":"max-snippet:-1","max-image-preview":"max-image-preview:large","max-video-preview":"max-video-preview:-1"},"og_locale":"it_IT","og_type":"article","og_title":"I'MPERFECT | IBSA Derma","og_description":"Quando ti guardi allo specchio riconosci la tua unicit\u00e0?La tua bellezza \u00e8 con te da sempre, ma nel tempo potresti doverla risvegliare per riscoprire la sua autenticit\u00e0.IBSA Derma ti offre un percorso per riequilibrare e armonizzare la bellezza dei tuoi tratti, nel rispetto della tua pelle e delle sue caratteristiche. I\u2019MPERFECT \u00e8 una prospettiva di [&hellip;]","og_url":"https:\/\/sviluppo.ibsaderma.swiss\/it\/imperfect\/","og_site_name":"IBSA Derma","article_publisher":"https:\/\/www.facebook.com\/ibsaderma\/","article_modified_time":"2026-03-24T07:40:45+00:00","og_image":[{"width":2500,"height":1864,"url":"https:\/\/sviluppo.ibsaderma.swiss\/wp-content\/uploads\/2024\/02\/IMPERFECT_0687.jpg","type":"image\/jpeg"}],"twitter_card":"summary_large_image","twitter_misc":{"Tempo di lettura stimato":"1 minuto"},"schema":{"@context":"https:\/\/schema.org","@graph":[{"@type":"WebPage","@id":"https:\/\/sviluppo.ibsaderma.swiss\/it\/imperfect\/","url":"https:\/\/sviluppo.ibsaderma.swiss\/it\/imperfect\/","name":"I'MPERFECT | IBSA Derma","isPartOf":{"@id":"https:\/\/sviluppo.ibsaderma.swiss\/it\/#website"},"primaryImageOfPage":{"@id":"https:\/\/sviluppo.ibsaderma.swiss\/it\/imperfect\/#primaryimage"},"image":{"@id":"https:\/\/sviluppo.ibsaderma.swiss\/it\/imperfect\/#primaryimage"},"thumbnailUrl":"https:\/\/sviluppo.ibsaderma.swiss\/wp-content\/uploads\/2024\/02\/IMPERFECT_0687-1024x763.jpg","datePublished":"2026-03-24T07:39:25+00:00","dateModified":"2026-03-24T07:40:45+00:00","breadcrumb":{"@id":"https:\/\/sviluppo.ibsaderma.swiss\/it\/imperfect\/#breadcrumb"},"inLanguage":"it-IT","potentialAction":[{"@type":"ReadAction","target":["https:\/\/sviluppo.ibsaderma.swiss\/it\/imperfect\/"]}]},{"@type":"ImageObject","inLanguage":"it-IT","@id":"https:\/\/sviluppo.ibsaderma.swiss\/it\/imperfect\/#primaryimage","url":"https:\/\/sviluppo.ibsaderma.swiss\/wp-content\/uploads\/2024\/02\/IMPERFECT_0687-1024x763.jpg","contentUrl":"https:\/\/sviluppo.ibsaderma.swiss\/wp-content\/uploads\/2024\/02\/IMPERFECT_0687-1024x763.jpg"},{"@type":"BreadcrumbList","@id":"https:\/\/sviluppo.ibsaderma.swiss\/it\/imperfect\/#breadcrumb","itemListElement":[{"@type":"ListItem","position":1,"name":"Home","item":"https:\/\/sviluppo.ibsaderma.swiss\/it\/"},{"@type":"ListItem","position":2,"name":"I&#8217;MPERFECT"}]},{"@type":"WebSite","@id":"https:\/\/sviluppo.ibsaderma.swiss\/it\/#website","url":"https:\/\/sviluppo.ibsaderma.swiss\/it\/","name":"IBSA Derma","description":"","publisher":{"@id":"https:\/\/sviluppo.ibsaderma.swiss\/it\/#organization"},"potentialAction":[{"@type":"SearchAction","target":{"@type":"EntryPoint","urlTemplate":"https:\/\/sviluppo.ibsaderma.swiss\/it\/?s={search_term_string}"},"query-input":{"@type":"PropertyValueSpecification","valueRequired":true,"valueName":"search_term_string"}}],"inLanguage":"it-IT"},{"@type":"Organization","@id":"https:\/\/sviluppo.ibsaderma.swiss\/it\/#organization","name":"IBSA DERMA","url":"https:\/\/sviluppo.ibsaderma.swiss\/it\/","logo":{"@type":"ImageObject","inLanguage":"it-IT","@id":"https:\/\/sviluppo.ibsaderma.swiss\/it\/#\/schema\/logo\/image\/","url":"https:\/\/sviluppo.ibsaderma.swiss\/wp-content\/uploads\/2020\/04\/logo-ibsaderma.png","contentUrl":"https:\/\/sviluppo.ibsaderma.swiss\/wp-content\/uploads\/2020\/04\/logo-ibsaderma.png","width":290,"height":75,"caption":"IBSA DERMA"},"image":{"@id":"https:\/\/sviluppo.ibsaderma.swiss\/it\/#\/schema\/logo\/image\/"},"sameAs":["https:\/\/www.facebook.com\/ibsaderma\/","https:\/\/www.instagram.com\/ibsa_derma_italia\/"]}]}},"_links":{"self":[{"href":"https:\/\/sviluppo.ibsaderma.swiss\/it\/wp-json\/wp\/v2\/pages\/7008","targetHints":{"allow":["GET"]}}],"collection":[{"href":"https:\/\/sviluppo.ibsaderma.swiss\/it\/wp-json\/wp\/v2\/pages"}],"about":[{"href":"https:\/\/sviluppo.ibsaderma.swiss\/it\/wp-json\/wp\/v2\/types\/page"}],"author":[{"embeddable":true,"href":"https:\/\/sviluppo.ibsaderma.swiss\/it\/wp-json\/wp\/v2\/users\/47"}],"replies":[{"embeddable":true,"href":"https:\/\/sviluppo.ibsaderma.swiss\/it\/wp-json\/wp\/v2\/comments?post=7008"}],"version-history":[{"count":2,"href":"https:\/\/sviluppo.ibsaderma.swiss\/it\/wp-json\/wp\/v2\/pages\/7008\/revisions"}],"predecessor-version":[{"id":7010,"href":"https:\/\/sviluppo.ibsaderma.swiss\/it\/wp-json\/wp\/v2\/pages\/7008\/revisions\/7010"}],"wp:attachment":[{"href":"https:\/\/sviluppo.ibsaderma.swiss\/it\/wp-json\/wp\/v2\/media?parent=7008"}],"curies":[{"name":"wp","href":"https:\/\/api.w.org\/{rel}","templated":true}]}}